{"id":1024,"date":"2022-12-27T13:54:42","date_gmt":"2022-12-27T12:54:42","guid":{"rendered":"https:\/\/www.cipad.fr\/?page_id=1024"},"modified":"2026-01-28T17:16:07","modified_gmt":"2026-01-28T16:16:07","slug":"nos-medecins-vasculaires","status":"publish","type":"page","link":"https:\/\/cipad.fr\/index.php\/nos-medecins-vasculaires\/","title":{"rendered":"Nos M\u00e9decins vasculaires"},"content":{"rendered":"\t\t<div data-elementor-type=\"wp-page\" data-elementor-id=\"1024\" class=\"elementor elementor-1024\" data-elementor-post-type=\"page\">\n\t\t\t\t\t\t<section class=\"elementor-section elementor-top-section elementor-element elementor-element-303a04e elementor-section-boxed elementor-section-height-default elementor-section-height-default\" data-id=\"303a04e\" data-element_type=\"section\">\n\t\t\t\t\t\t<div class=\"elementor-container elementor-column-gap-default\">\n\t\t\t\t\t<div class=\"elementor-column elementor-col-50 elementor-top-column elementor-element elementor-element-8a50d1d\" data-id=\"8a50d1d\" data-element_type=\"column\">\n\t\t\t<div class=\"elementor-widget-wrap elementor-element-populated\">\n\t\t\t\t\t\t<div class=\"elementor-element elementor-element-11ea160 elementor-widget elementor-widget-spacer\" data-id=\"11ea160\" data-element_type=\"widget\" data-widget_type=\"spacer.default\">\n\t\t\t\t<div class=\"elementor-widget-container\">\n\t\t\t\t\t\t\t<div class=\"elementor-spacer\">\n\t\t\t<div class=\"elementor-spacer-inner\"><\/div>\n\t\t<\/div>\n\t\t\t\t\t\t<\/div>\n\t\t\t\t<\/div>\n\t\t\t\t\t<\/div>\n\t\t<\/div>\n\t\t\t\t<div class=\"elementor-column elementor-col-50 elementor-top-column elementor-element elementor-element-79972c0\" data-id=\"79972c0\" data-element_type=\"column\">\n\t\t\t<div class=\"elementor-widget-wrap\">\n\t\t\t\t\t\t\t<\/div>\n\t\t<\/div>\n\t\t\t\t\t<\/div>\n\t\t<\/section>\n\t\t\t\t<section class=\"elementor-section elementor-top-section elementor-element elementor-element-a40e004 elementor-section-boxed elementor-section-height-default elementor-section-height-default\" data-id=\"a40e004\" data-element_type=\"section\">\n\t\t\t\t\t\t<div class=\"elementor-container elementor-column-gap-default\">\n\t\t\t\t\t<div class=\"elementor-column elementor-col-100 elementor-top-column elementor-element elementor-element-dd9f44f\" data-id=\"dd9f44f\" data-element_type=\"column\">\n\t\t\t<div class=\"elementor-widget-wrap elementor-element-populated\">\n\t\t\t\t\t\t<div class=\"elementor-element elementor-element-60586b0 elementor-widget elementor-widget-heading\" data-id=\"60586b0\" data-element_type=\"widget\" data-widget_type=\"heading.default\">\n\t\t\t\t<div class=\"elementor-widget-container\">\n\t\t\t\t\t<h2 class=\"elementor-heading-title elementor-size-default\">Notre \u00e9quipe<\/h2>\t\t\t\t<\/div>\n\t\t\t\t<\/div>\n\t\t\t\t<div class=\"elementor-element elementor-element-084955e elementor-widget elementor-widget-heading\" data-id=\"084955e\" data-element_type=\"widget\" data-widget_type=\"heading.default\">\n\t\t\t\t<div class=\"elementor-widget-container\">\n\t\t\t\t\t<h2 class=\"elementor-heading-title elementor-size-default\">M\u00e9decins vasculaires au CIPAD<\/h2>\t\t\t\t<\/div>\n\t\t\t\t<\/div>\n\t\t\t\t\t<\/div>\n\t\t<\/div>\n\t\t\t\t\t<\/div>\n\t\t<\/section>\n\t\t\t\t<section class=\"elementor-section elementor-top-section elementor-element elementor-element-fe12741 elementor-section-boxed elementor-section-height-default elementor-section-height-default\" data-id=\"fe12741\" data-element_type=\"section\">\n\t\t\t\t\t\t<div class=\"elementor-container elementor-column-gap-default\">\n\t\t\t\t\t<div class=\"elementor-column elementor-col-100 elementor-top-column elementor-element elementor-element-9430528\" data-id=\"9430528\" data-element_type=\"column\">\n\t\t\t<div class=\"elementor-widget-wrap elementor-element-populated\">\n\t\t\t\t\t\t<div class=\"elementor-element elementor-element-6620ac2 elementor-testimonial--layout-image_stacked elementor-testimonial--skin-default elementor-testimonial--align-center elementor-widget elementor-widget-testimonial-carousel\" data-id=\"6620ac2\" data-element_type=\"widget\" data-settings=\"{&quot;slides_per_view&quot;:&quot;4&quot;,&quot;speed&quot;:&quot;0&quot;,&quot;autoplay&quot;:&quot;yes&quot;,&quot;autoplay_speed&quot;:5000,&quot;space_between&quot;:{&quot;unit&quot;:&quot;px&quot;,&quot;size&quot;:10,&quot;sizes&quot;:[]},&quot;space_between_tablet&quot;:{&quot;unit&quot;:&quot;px&quot;,&quot;size&quot;:10,&quot;sizes&quot;:[]},&quot;space_between_mobile&quot;:{&quot;unit&quot;:&quot;px&quot;,&quot;size&quot;:10,&quot;sizes&quot;:[]}}\" data-widget_type=\"testimonial-carousel.default\">\n\t\t\t\t<div class=\"elementor-widget-container\">\n\t\t\t\t\t\t\t\t\t<div class=\"elementor-swiper\">\n\t\t\t\t\t<div class=\"elementor-main-swiper swiper\" role=\"region\" aria-roledescription=\"carousel\" aria-label=\"Diapositives\">\n\t\t\t\t<div class=\"swiper-wrapper\">\n\t\t\t\t\t\t\t\t\t\t\t<div class=\"swiper-slide\" role=\"group\" aria-roledescription=\"slide\">\n\t\t\t\t\t\t\t\t\t<div class=\"elementor-testimonial\">\n\t\t\t\t\t\t<div class=\"elementor-testimonial__footer\">\n\t\t\t\t\t\t\t\t\t<div class=\"elementor-testimonial__image\">\n\t\t\t\t\t\t<img decoding=\"async\" src=\"https:\/\/cipad.fr\/wp-content\/uploads\/2022\/12\/portrait_medecin_martina_thiney.png\" alt=\"Dr Martina THINEY\">\n\t\t\t\t\t\t\t\t\t\t\t<\/div>\n\t\t\t\t\t\t\t\t<cite class=\"elementor-testimonial__cite\"><span class=\"elementor-testimonial__name\">Dr Martina THINEY<\/span><span class=\"elementor-testimonial__title\">M\u00e9decin vasculaire<\/span><\/cite>\t\t\t<\/div>\n\t\t<\/div>\n\t\t\t\t\t\t\t\t<\/div>\n\t\t\t\t\t\t\t\t\t\t\t<div class=\"swiper-slide\" role=\"group\" aria-roledescription=\"slide\">\n\t\t\t\t\t\t\t\t\t<div class=\"elementor-testimonial\">\n\t\t\t\t\t\t<div class=\"elementor-testimonial__footer\">\n\t\t\t\t\t\t\t\t\t<div class=\"elementor-testimonial__image\">\n\t\t\t\t\t\t<img decoding=\"async\" src=\"https:\/\/cipad.fr\/wp-content\/uploads\/2022\/12\/user.png\" alt=\"Dr Anne TISSOT\">\n\t\t\t\t\t\t\t\t\t\t\t<\/div>\n\t\t\t\t\t\t\t\t<cite class=\"elementor-testimonial__cite\"><span class=\"elementor-testimonial__name\">Dr Anne TISSOT<\/span><span class=\"elementor-testimonial__title\">M\u00e9decin vasculaire<\/span><\/cite>\t\t\t<\/div>\n\t\t<\/div>\n\t\t\t\t\t\t\t\t<\/div>\n\t\t\t\t\t\t\t\t\t\t\t<div class=\"swiper-slide\" role=\"group\" aria-roledescription=\"slide\">\n\t\t\t\t\t\t\t\t\t<div class=\"elementor-testimonial\">\n\t\t\t\t\t\t<div class=\"elementor-testimonial__footer\">\n\t\t\t\t\t\t\t\t\t<div class=\"elementor-testimonial__image\">\n\t\t\t\t\t\t<img decoding=\"async\" src=\"https:\/\/cipad.fr\/wp-content\/uploads\/2022\/12\/user.png\" alt=\"Dr Antoine CINI\">\n\t\t\t\t\t\t\t\t\t\t\t<\/div>\n\t\t\t\t\t\t\t\t<cite class=\"elementor-testimonial__cite\"><span class=\"elementor-testimonial__name\">Dr Antoine CINI<\/span><span class=\"elementor-testimonial__title\">M\u00e9decin vasculaire<\/span><\/cite>\t\t\t<\/div>\n\t\t<\/div>\n\t\t\t\t\t\t\t\t<\/div>\n\t\t\t\t\t\t\t\t\t<\/div>\n\t\t\t\t\t\t\t\t\t\t\t\t\t\t\t\t\t\t\t\t\t<\/div>\n\t\t\t\t<\/div>\n\t\t\t\t\t\t\t\t<\/div>\n\t\t\t\t<\/div>\n\t\t\t\t<div class=\"elementor-element elementor-element-189a8b1 elementor-widget elementor-widget-spacer\" data-id=\"189a8b1\" data-element_type=\"widget\" data-widget_type=\"spacer.default\">\n\t\t\t\t<div class=\"elementor-widget-container\">\n\t\t\t\t\t\t\t<div class=\"elementor-spacer\">\n\t\t\t<div class=\"elementor-spacer-inner\"><\/div>\n\t\t<\/div>\n\t\t\t\t\t\t<\/div>\n\t\t\t\t<\/div>\n\t\t\t\t\t<\/div>\n\t\t<\/div>\n\t\t\t\t\t<\/div>\n\t\t<\/section>\n\t\t\t\t<\/div>\n\t\t","protected":false},"excerpt":{"rendered":"<p>Notre \u00e9quipe M\u00e9decins vasculaires au CIPAD Dr Martina THINEYM\u00e9decin vasculaire Dr Anne TISSOTM\u00e9decin vasculaire Dr Antoine CINIM\u00e9decin vasculaire<\/p>\n","protected":false},"author":1,"featured_media":0,"parent":0,"menu_order":0,"comment_status":"closed","ping_status":"closed","template":"","meta":{"site-sidebar-layout":"no-sidebar","site-content-layout":"page-builder","ast-site-content-layout":"default","site-content-style":"default","site-sidebar-style":"default","ast-global-header-display":"","ast-banner-title-visibility":"","ast-main-header-display":"","ast-hfb-above-header-display":"","ast-hfb-below-header-display":"","ast-hfb-mobile-header-display":"","site-post-title":"disabled","ast-breadcrumbs-content":"","ast-featured-img":"disabled","footer-sml-layout":"","theme-transparent-header-meta":"","adv-header-id-meta":"","stick-header-meta":"","header-above-stick-meta":"","header-main-stick-meta":"","header-below-stick-meta":"","astra-migrate-meta-layouts":"default","ast-page-background-enabled":"default","ast-page-background-meta":{"desktop":{"background-color":"var(--ast-global-color-4)","background-image":"","background-repeat":"repeat","background-position":"center center","background-size":"auto","background-attachment":"scroll","background-type":"","background-media":"","overlay-type":"","overlay-color":"","overlay-opacity":"","overlay-gradient":""},"tablet":{"background-color":"","background-image":"","background-repeat":"repeat","background-position":"center center","background-size":"auto","background-attachment":"scroll","background-type":"","background-media":"","overlay-type":"","overlay-color":"","overlay-opacity":"","overlay-gradient":""},"mobile":{"background-color":"","background-image":"","background-repeat":"repeat","background-position":"center center","background-size":"auto","background-attachment":"scroll","background-type":"","background-media":"","overlay-type":"","overlay-color":"","overlay-opacity":"","overlay-gradient":""}},"ast-content-background-meta":{"desktop":{"background-color":"var(--ast-global-color-5)","background-image":"","background-repeat":"repeat","background-position":"center center","background-size":"auto","background-attachment":"scroll","background-type":"","background-media":"","overlay-type":"","overlay-color":"","overlay-opacity":"","overlay-gradient":""},"tablet":{"background-color":"var(--ast-global-color-5)","background-image":"","background-repeat":"repeat","background-position":"center center","background-size":"auto","background-attachment":"scroll","background-type":"","background-media":"","overlay-type":"","overlay-color":"","overlay-opacity":"","overlay-gradient":""},"mobile":{"background-color":"var(--ast-global-color-5)","background-image":"","background-repeat":"repeat","background-position":"center center","background-size":"auto","background-attachment":"scroll","background-type":"","background-media":"","overlay-type":"","overlay-color":"","overlay-opacity":"","overlay-gradient":""}},"footnotes":""},"class_list":["post-1024","page","type-page","status-publish","hentry"],"yoast_head":"<!-- This site is optimized with the Yoast SEO plugin v26.3 - https:\/\/yoast.com\/wordpress\/plugins\/seo\/ -->\n<title>Nos M\u00e9decins vasculaires - CIPAD<\/title>\n<meta name=\"robots\" content=\"index, follow, max-snippet:-1, max-image-preview:large, max-video-preview:-1\" \/>\n<link rel=\"canonical\" href=\"https:\/\/cipad.fr\/index.php\/nos-medecins-vasculaires\/\" \/>\n<meta property=\"og:locale\" content=\"fr_FR\" \/>\n<meta property=\"og:type\" content=\"article\" \/>\n<meta property=\"og:title\" content=\"Nos M\u00e9decins vasculaires - CIPAD\" \/>\n<meta property=\"og:description\" content=\"Notre \u00e9quipe M\u00e9decins vasculaires au CIPAD Dr Martina THINEYM\u00e9decin vasculaire Dr Anne TISSOTM\u00e9decin vasculaire Dr Antoine CINIM\u00e9decin vasculaire\" \/>\n<meta property=\"og:url\" content=\"https:\/\/cipad.fr\/index.php\/nos-medecins-vasculaires\/\" \/>\n<meta property=\"og:site_name\" content=\"CIPAD\" \/>\n<meta property=\"article:modified_time\" content=\"2026-01-28T16:16:07+00:00\" \/>\n<meta property=\"og:image\" content=\"https:\/\/cipad.fr\/wp-content\/uploads\/2022\/12\/portrait_medecin_martina_thiney.png\" \/>\n<meta name=\"twitter:card\" content=\"summary_large_image\" \/>\n<meta name=\"twitter:label1\" content=\"Dur\u00e9e de lecture estim\u00e9e\" \/>\n\t<meta name=\"twitter:data1\" content=\"1 minute\" \/>\n<script type=\"application\/ld+json\" class=\"yoast-schema-graph\">{\"@context\":\"https:\/\/schema.org\",\"@graph\":[{\"@type\":\"WebPage\",\"@id\":\"https:\/\/cipad.fr\/index.php\/nos-medecins-vasculaires\/\",\"url\":\"https:\/\/cipad.fr\/index.php\/nos-medecins-vasculaires\/\",\"name\":\"Nos M\u00e9decins vasculaires - CIPAD\",\"isPartOf\":{\"@id\":\"https:\/\/cipad.fr\/#website\"},\"primaryImageOfPage\":{\"@id\":\"https:\/\/cipad.fr\/index.php\/nos-medecins-vasculaires\/#primaryimage\"},\"image\":{\"@id\":\"https:\/\/cipad.fr\/index.php\/nos-medecins-vasculaires\/#primaryimage\"},\"thumbnailUrl\":\"https:\/\/cipad.fr\/wp-content\/uploads\/2022\/12\/portrait_medecin_martina_thiney.png\",\"datePublished\":\"2022-12-27T12:54:42+00:00\",\"dateModified\":\"2026-01-28T16:16:07+00:00\",\"breadcrumb\":{\"@id\":\"https:\/\/cipad.fr\/index.php\/nos-medecins-vasculaires\/#breadcrumb\"},\"inLanguage\":\"fr-FR\",\"potentialAction\":[{\"@type\":\"ReadAction\",\"target\":[\"https:\/\/cipad.fr\/index.php\/nos-medecins-vasculaires\/\"]}]},{\"@type\":\"ImageObject\",\"inLanguage\":\"fr-FR\",\"@id\":\"https:\/\/cipad.fr\/index.php\/nos-medecins-vasculaires\/#primaryimage\",\"url\":\"https:\/\/cipad.fr\/wp-content\/uploads\/2022\/12\/portrait_medecin_martina_thiney.png\",\"contentUrl\":\"https:\/\/cipad.fr\/wp-content\/uploads\/2022\/12\/portrait_medecin_martina_thiney.png\",\"width\":120,\"height\":130},{\"@type\":\"BreadcrumbList\",\"@id\":\"https:\/\/cipad.fr\/index.php\/nos-medecins-vasculaires\/#breadcrumb\",\"itemListElement\":[{\"@type\":\"ListItem\",\"position\":1,\"name\":\"Accueil\",\"item\":\"https:\/\/cipad.fr\/\"},{\"@type\":\"ListItem\",\"position\":2,\"name\":\"Nos M\u00e9decins vasculaires\"}]},{\"@type\":\"WebSite\",\"@id\":\"https:\/\/cipad.fr\/#website\",\"url\":\"https:\/\/cipad.fr\/\",\"name\":\"CIPAD\",\"description\":\"Centre d&#039;Imagerie M\u00e9dicale Plaine de l&#039;Ain - Dombes\",\"publisher\":{\"@id\":\"https:\/\/cipad.fr\/#organization\"},\"potentialAction\":[{\"@type\":\"SearchAction\",\"target\":{\"@type\":\"EntryPoint\",\"urlTemplate\":\"https:\/\/cipad.fr\/?s={search_term_string}\"},\"query-input\":{\"@type\":\"PropertyValueSpecification\",\"valueRequired\":true,\"valueName\":\"search_term_string\"}}],\"inLanguage\":\"fr-FR\"},{\"@type\":\"Organization\",\"@id\":\"https:\/\/cipad.fr\/#organization\",\"name\":\"CIPAD\",\"url\":\"https:\/\/cipad.fr\/\",\"logo\":{\"@type\":\"ImageObject\",\"inLanguage\":\"fr-FR\",\"@id\":\"https:\/\/cipad.fr\/#\/schema\/logo\/image\/\",\"url\":\"https:\/\/cipad.fr\/wp-content\/uploads\/2022\/12\/CIPAD_logo.svg\",\"contentUrl\":\"https:\/\/cipad.fr\/wp-content\/uploads\/2022\/12\/CIPAD_logo.svg\",\"width\":264,\"height\":66,\"caption\":\"CIPAD\"},\"image\":{\"@id\":\"https:\/\/cipad.fr\/#\/schema\/logo\/image\/\"}}]}<\/script>\n<!-- \/ Yoast SEO plugin. -->","yoast_head_json":{"title":"Nos M\u00e9decins vasculaires - CIPAD","robots":{"index":"index","follow":"follow","max-snippet":"max-snippet:-1","max-image-preview":"max-image-preview:large","max-video-preview":"max-video-preview:-1"},"canonical":"https:\/\/cipad.fr\/index.php\/nos-medecins-vasculaires\/","og_locale":"fr_FR","og_type":"article","og_title":"Nos M\u00e9decins vasculaires - CIPAD","og_description":"Notre \u00e9quipe M\u00e9decins vasculaires au CIPAD Dr Martina THINEYM\u00e9decin vasculaire Dr Anne TISSOTM\u00e9decin vasculaire Dr Antoine CINIM\u00e9decin vasculaire","og_url":"https:\/\/cipad.fr\/index.php\/nos-medecins-vasculaires\/","og_site_name":"CIPAD","article_modified_time":"2026-01-28T16:16:07+00:00","og_image":[{"url":"https:\/\/cipad.fr\/wp-content\/uploads\/2022\/12\/portrait_medecin_martina_thiney.png","type":"","width":"","height":""}],"twitter_card":"summary_large_image","twitter_misc":{"Dur\u00e9e de lecture estim\u00e9e":"1 minute"},"schema":{"@context":"https:\/\/schema.org","@graph":[{"@type":"WebPage","@id":"https:\/\/cipad.fr\/index.php\/nos-medecins-vasculaires\/","url":"https:\/\/cipad.fr\/index.php\/nos-medecins-vasculaires\/","name":"Nos M\u00e9decins vasculaires - CIPAD","isPartOf":{"@id":"https:\/\/cipad.fr\/#website"},"primaryImageOfPage":{"@id":"https:\/\/cipad.fr\/index.php\/nos-medecins-vasculaires\/#primaryimage"},"image":{"@id":"https:\/\/cipad.fr\/index.php\/nos-medecins-vasculaires\/#primaryimage"},"thumbnailUrl":"https:\/\/cipad.fr\/wp-content\/uploads\/2022\/12\/portrait_medecin_martina_thiney.png","datePublished":"2022-12-27T12:54:42+00:00","dateModified":"2026-01-28T16:16:07+00:00","breadcrumb":{"@id":"https:\/\/cipad.fr\/index.php\/nos-medecins-vasculaires\/#breadcrumb"},"inLanguage":"fr-FR","potentialAction":[{"@type":"ReadAction","target":["https:\/\/cipad.fr\/index.php\/nos-medecins-vasculaires\/"]}]},{"@type":"ImageObject","inLanguage":"fr-FR","@id":"https:\/\/cipad.fr\/index.php\/nos-medecins-vasculaires\/#primaryimage","url":"https:\/\/cipad.fr\/wp-content\/uploads\/2022\/12\/portrait_medecin_martina_thiney.png","contentUrl":"https:\/\/cipad.fr\/wp-content\/uploads\/2022\/12\/portrait_medecin_martina_thiney.png","width":120,"height":130},{"@type":"BreadcrumbList","@id":"https:\/\/cipad.fr\/index.php\/nos-medecins-vasculaires\/#breadcrumb","itemListElement":[{"@type":"ListItem","position":1,"name":"Accueil","item":"https:\/\/cipad.fr\/"},{"@type":"ListItem","position":2,"name":"Nos M\u00e9decins vasculaires"}]},{"@type":"WebSite","@id":"https:\/\/cipad.fr\/#website","url":"https:\/\/cipad.fr\/","name":"CIPAD","description":"Centre d&#039;Imagerie M\u00e9dicale Plaine de l&#039;Ain - Dombes","publisher":{"@id":"https:\/\/cipad.fr\/#organization"},"potentialAction":[{"@type":"SearchAction","target":{"@type":"EntryPoint","urlTemplate":"https:\/\/cipad.fr\/?s={search_term_string}"},"query-input":{"@type":"PropertyValueSpecification","valueRequired":true,"valueName":"search_term_string"}}],"inLanguage":"fr-FR"},{"@type":"Organization","@id":"https:\/\/cipad.fr\/#organization","name":"CIPAD","url":"https:\/\/cipad.fr\/","logo":{"@type":"ImageObject","inLanguage":"fr-FR","@id":"https:\/\/cipad.fr\/#\/schema\/logo\/image\/","url":"https:\/\/cipad.fr\/wp-content\/uploads\/2022\/12\/CIPAD_logo.svg","contentUrl":"https:\/\/cipad.fr\/wp-content\/uploads\/2022\/12\/CIPAD_logo.svg","width":264,"height":66,"caption":"CIPAD"},"image":{"@id":"https:\/\/cipad.fr\/#\/schema\/logo\/image\/"}}]}},"_links":{"self":[{"href":"https:\/\/cipad.fr\/index.php\/wp-json\/wp\/v2\/pages\/1024","targetHints":{"allow":["GET"]}}],"collection":[{"href":"https:\/\/cipad.fr\/index.php\/wp-json\/wp\/v2\/pages"}],"about":[{"href":"https:\/\/cipad.fr\/index.php\/wp-json\/wp\/v2\/types\/page"}],"author":[{"embeddable":true,"href":"https:\/\/cipad.fr\/index.php\/wp-json\/wp\/v2\/users\/1"}],"replies":[{"embeddable":true,"href":"https:\/\/cipad.fr\/index.php\/wp-json\/wp\/v2\/comments?post=1024"}],"version-history":[{"count":23,"href":"https:\/\/cipad.fr\/index.php\/wp-json\/wp\/v2\/pages\/1024\/revisions"}],"predecessor-version":[{"id":4093,"href":"https:\/\/cipad.fr\/index.php\/wp-json\/wp\/v2\/pages\/1024\/revisions\/4093"}],"wp:attachment":[{"href":"https:\/\/cipad.fr\/index.php\/wp-json\/wp\/v2\/media?parent=1024"}],"curies":[{"name":"wp","href":"https:\/\/api.w.org\/{rel}","templated":true}]}}