{"id":1325,"date":"2022-12-28T14:40:25","date_gmt":"2022-12-28T13:40:25","guid":{"rendered":"https:\/\/www.cipad.fr\/?page_id=1325"},"modified":"2025-09-16T12:36:54","modified_gmt":"2025-09-16T10:36:54","slug":"charte-de-consultation-en-radiologie","status":"publish","type":"page","link":"https:\/\/cipad.fr\/index.php\/charte-de-consultation-en-radiologie\/","title":{"rendered":"Charte de consultation en Radiologie"},"content":{"rendered":"\t\t<div data-elementor-type=\"wp-page\" data-elementor-id=\"1325\" class=\"elementor elementor-1325\" data-elementor-post-type=\"page\">\n\t\t\t\t\t\t<section class=\"elementor-section elementor-top-section elementor-element elementor-element-8c9ba77 elementor-section-boxed elementor-section-height-default elementor-section-height-default\" data-id=\"8c9ba77\" data-element_type=\"section\">\n\t\t\t\t\t\t<div class=\"elementor-container elementor-column-gap-default\">\n\t\t\t\t\t<div class=\"elementor-column elementor-col-100 elementor-top-column elementor-element elementor-element-73d015c\" data-id=\"73d015c\" data-element_type=\"column\">\n\t\t\t<div class=\"elementor-widget-wrap elementor-element-populated\">\n\t\t\t\t\t\t<div class=\"elementor-element elementor-element-226c8a3 elementor-widget elementor-widget-spacer\" data-id=\"226c8a3\" data-element_type=\"widget\" data-widget_type=\"spacer.default\">\n\t\t\t\t<div class=\"elementor-widget-container\">\n\t\t\t\t\t\t\t<div class=\"elementor-spacer\">\n\t\t\t<div class=\"elementor-spacer-inner\"><\/div>\n\t\t<\/div>\n\t\t\t\t\t\t<\/div>\n\t\t\t\t<\/div>\n\t\t\t\t\t<\/div>\n\t\t<\/div>\n\t\t\t\t\t<\/div>\n\t\t<\/section>\n\t\t\t\t<section class=\"elementor-section elementor-top-section elementor-element elementor-element-994bd9c elementor-section-boxed elementor-section-height-default elementor-section-height-default\" data-id=\"994bd9c\" data-element_type=\"section\">\n\t\t\t\t\t\t<div class=\"elementor-container elementor-column-gap-default\">\n\t\t\t\t\t<div class=\"elementor-column elementor-col-100 elementor-top-column elementor-element elementor-element-ef5da1c\" data-id=\"ef5da1c\" data-element_type=\"column\">\n\t\t\t<div class=\"elementor-widget-wrap elementor-element-populated\">\n\t\t\t\t\t\t<div class=\"elementor-element elementor-element-3b67e7a elementor-widget elementor-widget-heading\" data-id=\"3b67e7a\" data-element_type=\"widget\" data-widget_type=\"heading.default\">\n\t\t\t\t<div class=\"elementor-widget-container\">\n\t\t\t\t\t<h2 class=\"elementor-heading-title elementor-size-default\">Informations pratiques - CIPAD\n<\/h2>\t\t\t\t<\/div>\n\t\t\t\t<\/div>\n\t\t\t\t<div class=\"elementor-element elementor-element-35022df elementor-widget elementor-widget-heading\" data-id=\"35022df\" data-element_type=\"widget\" data-widget_type=\"heading.default\">\n\t\t\t\t<div class=\"elementor-widget-container\">\n\t\t\t\t\t<h2 class=\"elementor-heading-title elementor-size-default\">Charte de consultation en Radiologie<\/h2>\t\t\t\t<\/div>\n\t\t\t\t<\/div>\n\t\t\t\t<div class=\"elementor-element elementor-element-d123a56 elementor-widget elementor-widget-spacer\" data-id=\"d123a56\" data-element_type=\"widget\" data-widget_type=\"spacer.default\">\n\t\t\t\t<div class=\"elementor-widget-container\">\n\t\t\t\t\t\t\t<div class=\"elementor-spacer\">\n\t\t\t<div class=\"elementor-spacer-inner\"><\/div>\n\t\t<\/div>\n\t\t\t\t\t\t<\/div>\n\t\t\t\t<\/div>\n\t\t\t\t<div class=\"elementor-element elementor-element-18dde16 elementor-widget elementor-widget-text-editor\" data-id=\"18dde16\" data-element_type=\"widget\" data-widget_type=\"text-editor.default\">\n\t\t\t\t<div class=\"elementor-widget-container\">\n\t\t\t\t\t\t\t\t\tLa consultation en radiologie est r\u00e9alis\u00e9e lors d\u2019un acte de radiologie diagnostique ou interventionnelle ; la consultation est organis\u00e9e soit en pr\u00e9alable \u00e0 l\u2019acte soit dans les suites. Pour des raisons particuli\u00e8res, elle peut \u00eatre parfois r\u00e9alis\u00e9e par t\u00e9l\u00e9m\u00e9decine, \u00e0 distance de l\u2019acte de radiologie.\t\t\t\t\t\t\t\t<\/div>\n\t\t\t\t<\/div>\n\t\t\t\t<div class=\"elementor-element elementor-element-9fe6f90 elementor-widget elementor-widget-heading\" data-id=\"9fe6f90\" data-element_type=\"widget\" data-widget_type=\"heading.default\">\n\t\t\t\t<div class=\"elementor-widget-container\">\n\t\t\t\t\t<h3 class=\"elementor-heading-title elementor-size-default\">La charte<\/h3>\t\t\t\t<\/div>\n\t\t\t\t<\/div>\n\t\t\t\t<div class=\"elementor-element elementor-element-8a1bd74 elementor-widget elementor-widget-text-editor\" data-id=\"8a1bd74\" data-element_type=\"widget\" data-widget_type=\"text-editor.default\">\n\t\t\t\t<div class=\"elementor-widget-container\">\n\t\t\t\t\t\t\t\t\t<ul>\n \t<li>La consultation en radiologie en lien avec la r\u00e9alisation d\u2019examens diagnostiques ou interventionnels r\u00e9pond aux valeurs du soin \u00e0 la personne. Elle peut porter atteinte \u00e0 l\u2019intimit\u00e9. Elle requiert le consentement de la personne examin\u00e9e quel que soit son \u00e2ge.<\/li>\n \t<li>Le radiologue et son \u00e9quipe (manipulateur\/manipulatrice en particulier) conduisent la consultation avec bienveillance et respect, en gardant \u00e0 l\u2019esprit les besoins d\u2019\u00e9coute et de dialogue de la personne.<\/li>\n \t<li>L\u2019examen clinique fournit des renseignements que l\u2019imagerie ne peut pas apporter. Il doit \u00eatre pr\u00e9c\u00e9d\u00e9 d\u2019explications sur ses objectifs et ses modalit\u00e9s. Ces explications doivent \u00eatre suffisamment ouvertes pour permettre \u00e0 la personne d\u2019exprimer d\u00e8s le d\u00e9but de consultation son refus d\u2019\u00eatre examin\u00e9 si elle le souhaite.<\/li>\n \t<li>L\u2019accord oral de la personne est recueilli avant tout examen clinique. Lorsqu\u2019il s\u2019agit d\u2019un enfant, l\u2019accord d\u2019au moins un parent est n\u00e9cessaire.<\/li>\n \t<li>La personne doit pouvoir se d\u00e9v\u00eatir \u00e0 l\u2019abri des regards, dans le respect de sa pudeur.<\/li>\n \t<li>La personne examin\u00e9e peut \u00eatre assist\u00e9e par l\u2019accompagnant de son choix. Lorsqu\u2019il s\u2019agit d\u2019un enfant, un des parents est pr\u00e9sent s\u2019il le souhaite.<\/li>\n \t<li>L\u2019examen peut comporter une palpation des membres, de l\u2019abdomen, des seins, des testicules, un toucher rectal, un toucher vaginal avec gant ou doigtier, et l\u2019usage de mat\u00e9riels m\u00e9dicaux tels qu\u2019un sp\u00e9culum, une sonde endovaginale, urinaire, gastrique ou endorectale.<\/li>\n \t<li>L\u2019examen doit pouvoir \u00eatre interrompu d\u00e8s que la personne en manifeste le souhait. Il convient alors de l\u2019informer de la n\u00e9cessit\u00e9 d\u2019un nouveau rendez-vous si l\u2019examen est indispensable, et des limites diagnostiques et th\u00e9rapeutiques que cette absence d\u2019examen peut entrainer.<\/li>\n \t<li>\u00c0 l\u2019h\u00f4pital ou en cabinet de ville, pour former les soignants de demain, un \u00e9tudiant est susceptible d\u2019assister \u00e0 la consultation. Sa pr\u00e9sence est toujours soumise au consentement de la personne et tout geste m\u00e9dical pratiqu\u00e9 par un \u00e9tudiant est subordonn\u00e9 \u00e0 l\u2019accord explicite de la personne examin\u00e9e.<\/li>\n \t<li>Les termes de cette charte s\u2018appliquent en particulier \u00e0 toutes les explorations d\u2019imagerie gyn\u00e9cologique, urologique (\u00e9chographie endovaginale et endorectale, , hyst\u00e9rographie, hyst\u00e9rosonographie, bilan urodynamique), et mammaire (mammographie, \u00e9chographie, biopsie) qui doivent respecter avec humanit\u00e9 la pudeur de la personne.<\/li>\n \t<li>Les principes de cette charte s\u2019appliquent \u00e9galement aux enfants quel que soit leur \u00e2ge.<\/li>\n \t\n<\/ul>\t\t\t\t\t\t\t\t<\/div>\n\t\t\t\t<\/div>\n\t\t\t\t<div class=\"elementor-element elementor-element-bf32446 elementor-align-left elementor-icon-list--layout-traditional elementor-list-item-link-full_width elementor-widget elementor-widget-icon-list\" data-id=\"bf32446\" data-element_type=\"widget\" data-widget_type=\"icon-list.default\">\n\t\t\t\t<div class=\"elementor-widget-container\">\n\t\t\t\t\t\t\t<ul class=\"elementor-icon-list-items\">\n\t\t\t\t\t\t\t<li class=\"elementor-icon-list-item\">\n\t\t\t\t\t\t\t\t\t\t\t<a href=\"https:\/\/www.cipad.fr\/wp-content\/uploads\/2022\/12\/Charte-Consultation-en-Radiologie-.pdf\">\n\n\t\t\t\t\t\t\t\t\t\t\t\t<span class=\"elementor-icon-list-icon\">\n\t\t\t\t\t\t\t<i aria-hidden=\"true\" class=\"fas fa-file-download\"><\/i>\t\t\t\t\t\t<\/span>\n\t\t\t\t\t\t\t\t\t\t<span class=\"elementor-icon-list-text\">T\u00e9l\u00e9charger la Charte<\/span>\n\t\t\t\t\t\t\t\t\t\t\t<\/a>\n\t\t\t\t\t\t\t\t\t<\/li>\n\t\t\t\t\t\t<\/ul>\n\t\t\t\t\t\t<\/div>\n\t\t\t\t<\/div>\n\t\t\t\t<div class=\"elementor-element elementor-element-ca46ec6 elementor-widget elementor-widget-spacer\" data-id=\"ca46ec6\" data-element_type=\"widget\" data-widget_type=\"spacer.default\">\n\t\t\t\t<div class=\"elementor-widget-container\">\n\t\t\t\t\t\t\t<div class=\"elementor-spacer\">\n\t\t\t<div class=\"elementor-spacer-inner\"><\/div>\n\t\t<\/div>\n\t\t\t\t\t\t<\/div>\n\t\t\t\t<\/div>\n\t\t\t\t<div class=\"elementor-element elementor-element-a08ee7a elementor-widget elementor-widget-image\" data-id=\"a08ee7a\" data-element_type=\"widget\" data-widget_type=\"image.default\">\n\t\t\t\t<div class=\"elementor-widget-container\">\n\t\t\t\t\t\t\t\t\t\t\t\t\t\t\t<img fetchpriority=\"high\" decoding=\"async\" width=\"1024\" height=\"468\" src=\"https:\/\/cipad.fr\/wp-content\/uploads\/2022\/12\/charte-consultation-CIPAD-1024x468.png\" class=\"attachment-large size-large wp-image-1334\" alt=\"\" srcset=\"https:\/\/cipad.fr\/wp-content\/uploads\/2022\/12\/charte-consultation-CIPAD-1024x468.png 1024w, https:\/\/cipad.fr\/wp-content\/uploads\/2022\/12\/charte-consultation-CIPAD-600x274.png 600w, https:\/\/cipad.fr\/wp-content\/uploads\/2022\/12\/charte-consultation-CIPAD-300x137.png 300w, https:\/\/cipad.fr\/wp-content\/uploads\/2022\/12\/charte-consultation-CIPAD-768x351.png 768w, https:\/\/cipad.fr\/wp-content\/uploads\/2022\/12\/charte-consultation-CIPAD.png 1177w\" sizes=\"(max-width: 1024px) 100vw, 1024px\" \/>\t\t\t\t\t\t\t\t\t\t\t\t\t\t\t<\/div>\n\t\t\t\t<\/div>\n\t\t\t\t<div class=\"elementor-element elementor-element-5c73a89 elementor-widget elementor-widget-spacer\" data-id=\"5c73a89\" data-element_type=\"widget\" data-widget_type=\"spacer.default\">\n\t\t\t\t<div class=\"elementor-widget-container\">\n\t\t\t\t\t\t\t<div class=\"elementor-spacer\">\n\t\t\t<div class=\"elementor-spacer-inner\"><\/div>\n\t\t<\/div>\n\t\t\t\t\t\t<\/div>\n\t\t\t\t<\/div>\n\t\t\t\t\t<\/div>\n\t\t<\/div>\n\t\t\t\t\t<\/div>\n\t\t<\/section>\n\t\t\t\t<\/div>\n\t\t","protected":false},"excerpt":{"rendered":"<p>Informations pratiques &#8211; CIPAD Charte de consultation en Radiologie La consultation en radiologie est r\u00e9alis\u00e9e lors d\u2019un acte de radiologie diagnostique ou interventionnelle ; la consultation est organis\u00e9e soit en pr\u00e9alable \u00e0 l\u2019acte soit dans les suites. Pour des raisons particuli\u00e8res, elle peut \u00eatre parfois r\u00e9alis\u00e9e par t\u00e9l\u00e9m\u00e9decine, \u00e0 distance de l\u2019acte de radiologie. La [&hellip;]<\/p>\n","protected":false},"author":1,"featured_media":0,"parent":0,"menu_order":0,"comment_status":"closed","ping_status":"closed","template":"","meta":{"site-sidebar-layout":"no-sidebar","site-content-layout":"page-builder","ast-site-content-layout":"default","site-content-style":"default","site-sidebar-style":"default","ast-global-header-display":"","ast-banner-title-visibility":"","ast-main-header-display":"","ast-hfb-above-header-display":"","ast-hfb-below-header-display":"","ast-hfb-mobile-header-display":"","site-post-title":"disabled","ast-breadcrumbs-content":"","ast-featured-img":"disabled","footer-sml-layout":"","theme-transparent-header-meta":"","adv-header-id-meta":"","stick-header-meta":"","header-above-stick-meta":"","header-main-stick-meta":"","header-below-stick-meta":"","astra-migrate-meta-layouts":"default","ast-page-background-enabled":"default","ast-page-background-meta":{"desktop":{"background-color":"var(--ast-global-color-4)","background-image":"","background-repeat":"repeat","background-position":"center center","background-size":"auto","background-attachment":"scroll","background-type":"","background-media":"","overlay-type":"","overlay-color":"","overlay-opacity":"","overlay-gradient":""},"tablet":{"background-color":"","background-image":"","background-repeat":"repeat","background-position":"center center","background-size":"auto","background-attachment":"scroll","background-type":"","background-media":"","overlay-type":"","overlay-color":"","overlay-opacity":"","overlay-gradient":""},"mobile":{"background-color":"","background-image":"","background-repeat":"repeat","background-position":"center center","background-size":"auto","background-attachment":"scroll","background-type":"","background-media":"","overlay-type":"","overlay-color":"","overlay-opacity":"","overlay-gradient":""}},"ast-content-background-meta":{"desktop":{"background-color":"var(--ast-global-color-5)","background-image":"","background-repeat":"repeat","background-position":"center center","background-size":"auto","background-attachment":"scroll","background-type":"","background-media":"","overlay-type":"","overlay-color":"","overlay-opacity":"","overlay-gradient":""},"tablet":{"background-color":"var(--ast-global-color-5)","background-image":"","background-repeat":"repeat","background-position":"center center","background-size":"auto","background-attachment":"scroll","background-type":"","background-media":"","overlay-type":"","overlay-color":"","overlay-opacity":"","overlay-gradient":""},"mobile":{"background-color":"var(--ast-global-color-5)","background-image":"","background-repeat":"repeat","background-position":"center center","background-size":"auto","background-attachment":"scroll","background-type":"","background-media":"","overlay-type":"","overlay-color":"","overlay-opacity":"","overlay-gradient":""}},"footnotes":""},"class_list":["post-1325","page","type-page","status-publish","hentry"],"yoast_head":"<!-- This site is optimized with the Yoast SEO plugin v26.3 - https:\/\/yoast.com\/wordpress\/plugins\/seo\/ -->\n<title>Charte de consultation en Radiologie - CIPAD<\/title>\n<meta name=\"robots\" content=\"index, follow, max-snippet:-1, max-image-preview:large, max-video-preview:-1\" \/>\n<link rel=\"canonical\" href=\"https:\/\/cipad.fr\/index.php\/charte-de-consultation-en-radiologie\/\" \/>\n<meta property=\"og:locale\" content=\"fr_FR\" \/>\n<meta property=\"og:type\" content=\"article\" \/>\n<meta property=\"og:title\" content=\"Charte de consultation en Radiologie - CIPAD\" \/>\n<meta property=\"og:description\" content=\"Informations pratiques &#8211; CIPAD Charte de consultation en Radiologie La consultation en radiologie est r\u00e9alis\u00e9e lors d\u2019un acte de radiologie diagnostique ou interventionnelle ; la consultation est organis\u00e9e soit en pr\u00e9alable \u00e0 l\u2019acte soit dans les suites. Pour des raisons particuli\u00e8res, elle peut \u00eatre parfois r\u00e9alis\u00e9e par t\u00e9l\u00e9m\u00e9decine, \u00e0 distance de l\u2019acte de radiologie. La [&hellip;]\" \/>\n<meta property=\"og:url\" content=\"https:\/\/cipad.fr\/index.php\/charte-de-consultation-en-radiologie\/\" \/>\n<meta property=\"og:site_name\" content=\"CIPAD\" \/>\n<meta property=\"article:modified_time\" content=\"2025-09-16T10:36:54+00:00\" \/>\n<meta property=\"og:image\" content=\"https:\/\/www.cipad.fr\/wp-content\/uploads\/2022\/12\/charte-consultation-CIPAD-1024x468.png\" \/>\n<meta name=\"twitter:card\" content=\"summary_large_image\" \/>\n<meta name=\"twitter:label1\" content=\"Dur\u00e9e de lecture estim\u00e9e\" \/>\n\t<meta name=\"twitter:data1\" content=\"3 minutes\" \/>\n<script type=\"application\/ld+json\" class=\"yoast-schema-graph\">{\"@context\":\"https:\/\/schema.org\",\"@graph\":[{\"@type\":\"WebPage\",\"@id\":\"https:\/\/cipad.fr\/index.php\/charte-de-consultation-en-radiologie\/\",\"url\":\"https:\/\/cipad.fr\/index.php\/charte-de-consultation-en-radiologie\/\",\"name\":\"Charte de consultation en Radiologie - CIPAD\",\"isPartOf\":{\"@id\":\"https:\/\/cipad.fr\/#website\"},\"primaryImageOfPage\":{\"@id\":\"https:\/\/cipad.fr\/index.php\/charte-de-consultation-en-radiologie\/#primaryimage\"},\"image\":{\"@id\":\"https:\/\/cipad.fr\/index.php\/charte-de-consultation-en-radiologie\/#primaryimage\"},\"thumbnailUrl\":\"https:\/\/www.cipad.fr\/wp-content\/uploads\/2022\/12\/charte-consultation-CIPAD-1024x468.png\",\"datePublished\":\"2022-12-28T13:40:25+00:00\",\"dateModified\":\"2025-09-16T10:36:54+00:00\",\"breadcrumb\":{\"@id\":\"https:\/\/cipad.fr\/index.php\/charte-de-consultation-en-radiologie\/#breadcrumb\"},\"inLanguage\":\"fr-FR\",\"potentialAction\":[{\"@type\":\"ReadAction\",\"target\":[\"https:\/\/cipad.fr\/index.php\/charte-de-consultation-en-radiologie\/\"]}]},{\"@type\":\"ImageObject\",\"inLanguage\":\"fr-FR\",\"@id\":\"https:\/\/cipad.fr\/index.php\/charte-de-consultation-en-radiologie\/#primaryimage\",\"url\":\"https:\/\/www.cipad.fr\/wp-content\/uploads\/2022\/12\/charte-consultation-CIPAD-1024x468.png\",\"contentUrl\":\"https:\/\/www.cipad.fr\/wp-content\/uploads\/2022\/12\/charte-consultation-CIPAD-1024x468.png\"},{\"@type\":\"BreadcrumbList\",\"@id\":\"https:\/\/cipad.fr\/index.php\/charte-de-consultation-en-radiologie\/#breadcrumb\",\"itemListElement\":[{\"@type\":\"ListItem\",\"position\":1,\"name\":\"Accueil\",\"item\":\"https:\/\/cipad.fr\/\"},{\"@type\":\"ListItem\",\"position\":2,\"name\":\"Charte de consultation en Radiologie\"}]},{\"@type\":\"WebSite\",\"@id\":\"https:\/\/cipad.fr\/#website\",\"url\":\"https:\/\/cipad.fr\/\",\"name\":\"CIPAD\",\"description\":\"Centre d&#039;Imagerie M\u00e9dicale Plaine de l&#039;Ain - Dombes\",\"publisher\":{\"@id\":\"https:\/\/cipad.fr\/#organization\"},\"potentialAction\":[{\"@type\":\"SearchAction\",\"target\":{\"@type\":\"EntryPoint\",\"urlTemplate\":\"https:\/\/cipad.fr\/?s={search_term_string}\"},\"query-input\":{\"@type\":\"PropertyValueSpecification\",\"valueRequired\":true,\"valueName\":\"search_term_string\"}}],\"inLanguage\":\"fr-FR\"},{\"@type\":\"Organization\",\"@id\":\"https:\/\/cipad.fr\/#organization\",\"name\":\"CIPAD\",\"url\":\"https:\/\/cipad.fr\/\",\"logo\":{\"@type\":\"ImageObject\",\"inLanguage\":\"fr-FR\",\"@id\":\"https:\/\/cipad.fr\/#\/schema\/logo\/image\/\",\"url\":\"https:\/\/cipad.fr\/wp-content\/uploads\/2022\/12\/CIPAD_logo.svg\",\"contentUrl\":\"https:\/\/cipad.fr\/wp-content\/uploads\/2022\/12\/CIPAD_logo.svg\",\"width\":264,\"height\":66,\"caption\":\"CIPAD\"},\"image\":{\"@id\":\"https:\/\/cipad.fr\/#\/schema\/logo\/image\/\"}}]}<\/script>\n<!-- \/ Yoast SEO plugin. -->","yoast_head_json":{"title":"Charte de consultation en Radiologie - CIPAD","robots":{"index":"index","follow":"follow","max-snippet":"max-snippet:-1","max-image-preview":"max-image-preview:large","max-video-preview":"max-video-preview:-1"},"canonical":"https:\/\/cipad.fr\/index.php\/charte-de-consultation-en-radiologie\/","og_locale":"fr_FR","og_type":"article","og_title":"Charte de consultation en Radiologie - CIPAD","og_description":"Informations pratiques &#8211; CIPAD Charte de consultation en Radiologie La consultation en radiologie est r\u00e9alis\u00e9e lors d\u2019un acte de radiologie diagnostique ou interventionnelle ; la consultation est organis\u00e9e soit en pr\u00e9alable \u00e0 l\u2019acte soit dans les suites. Pour des raisons particuli\u00e8res, elle peut \u00eatre parfois r\u00e9alis\u00e9e par t\u00e9l\u00e9m\u00e9decine, \u00e0 distance de l\u2019acte de radiologie. La [&hellip;]","og_url":"https:\/\/cipad.fr\/index.php\/charte-de-consultation-en-radiologie\/","og_site_name":"CIPAD","article_modified_time":"2025-09-16T10:36:54+00:00","og_image":[{"url":"https:\/\/www.cipad.fr\/wp-content\/uploads\/2022\/12\/charte-consultation-CIPAD-1024x468.png","type":"","width":"","height":""}],"twitter_card":"summary_large_image","twitter_misc":{"Dur\u00e9e de lecture estim\u00e9e":"3 minutes"},"schema":{"@context":"https:\/\/schema.org","@graph":[{"@type":"WebPage","@id":"https:\/\/cipad.fr\/index.php\/charte-de-consultation-en-radiologie\/","url":"https:\/\/cipad.fr\/index.php\/charte-de-consultation-en-radiologie\/","name":"Charte de consultation en Radiologie - CIPAD","isPartOf":{"@id":"https:\/\/cipad.fr\/#website"},"primaryImageOfPage":{"@id":"https:\/\/cipad.fr\/index.php\/charte-de-consultation-en-radiologie\/#primaryimage"},"image":{"@id":"https:\/\/cipad.fr\/index.php\/charte-de-consultation-en-radiologie\/#primaryimage"},"thumbnailUrl":"https:\/\/www.cipad.fr\/wp-content\/uploads\/2022\/12\/charte-consultation-CIPAD-1024x468.png","datePublished":"2022-12-28T13:40:25+00:00","dateModified":"2025-09-16T10:36:54+00:00","breadcrumb":{"@id":"https:\/\/cipad.fr\/index.php\/charte-de-consultation-en-radiologie\/#breadcrumb"},"inLanguage":"fr-FR","potentialAction":[{"@type":"ReadAction","target":["https:\/\/cipad.fr\/index.php\/charte-de-consultation-en-radiologie\/"]}]},{"@type":"ImageObject","inLanguage":"fr-FR","@id":"https:\/\/cipad.fr\/index.php\/charte-de-consultation-en-radiologie\/#primaryimage","url":"https:\/\/www.cipad.fr\/wp-content\/uploads\/2022\/12\/charte-consultation-CIPAD-1024x468.png","contentUrl":"https:\/\/www.cipad.fr\/wp-content\/uploads\/2022\/12\/charte-consultation-CIPAD-1024x468.png"},{"@type":"BreadcrumbList","@id":"https:\/\/cipad.fr\/index.php\/charte-de-consultation-en-radiologie\/#breadcrumb","itemListElement":[{"@type":"ListItem","position":1,"name":"Accueil","item":"https:\/\/cipad.fr\/"},{"@type":"ListItem","position":2,"name":"Charte de consultation en Radiologie"}]},{"@type":"WebSite","@id":"https:\/\/cipad.fr\/#website","url":"https:\/\/cipad.fr\/","name":"CIPAD","description":"Centre d&#039;Imagerie M\u00e9dicale Plaine de l&#039;Ain - Dombes","publisher":{"@id":"https:\/\/cipad.fr\/#organization"},"potentialAction":[{"@type":"SearchAction","target":{"@type":"EntryPoint","urlTemplate":"https:\/\/cipad.fr\/?s={search_term_string}"},"query-input":{"@type":"PropertyValueSpecification","valueRequired":true,"valueName":"search_term_string"}}],"inLanguage":"fr-FR"},{"@type":"Organization","@id":"https:\/\/cipad.fr\/#organization","name":"CIPAD","url":"https:\/\/cipad.fr\/","logo":{"@type":"ImageObject","inLanguage":"fr-FR","@id":"https:\/\/cipad.fr\/#\/schema\/logo\/image\/","url":"https:\/\/cipad.fr\/wp-content\/uploads\/2022\/12\/CIPAD_logo.svg","contentUrl":"https:\/\/cipad.fr\/wp-content\/uploads\/2022\/12\/CIPAD_logo.svg","width":264,"height":66,"caption":"CIPAD"},"image":{"@id":"https:\/\/cipad.fr\/#\/schema\/logo\/image\/"}}]}},"_links":{"self":[{"href":"https:\/\/cipad.fr\/index.php\/wp-json\/wp\/v2\/pages\/1325","targetHints":{"allow":["GET"]}}],"collection":[{"href":"https:\/\/cipad.fr\/index.php\/wp-json\/wp\/v2\/pages"}],"about":[{"href":"https:\/\/cipad.fr\/index.php\/wp-json\/wp\/v2\/types\/page"}],"author":[{"embeddable":true,"href":"https:\/\/cipad.fr\/index.php\/wp-json\/wp\/v2\/users\/1"}],"replies":[{"embeddable":true,"href":"https:\/\/cipad.fr\/index.php\/wp-json\/wp\/v2\/comments?post=1325"}],"version-history":[{"count":5,"href":"https:\/\/cipad.fr\/index.php\/wp-json\/wp\/v2\/pages\/1325\/revisions"}],"predecessor-version":[{"id":1683,"href":"https:\/\/cipad.fr\/index.php\/wp-json\/wp\/v2\/pages\/1325\/revisions\/1683"}],"wp:attachment":[{"href":"https:\/\/cipad.fr\/index.php\/wp-json\/wp\/v2\/media?parent=1325"}],"curies":[{"name":"wp","href":"https:\/\/api.w.org\/{rel}","templated":true}]}}