{"id":2026,"date":"2023-04-02T15:24:09","date_gmt":"2023-04-02T13:24:09","guid":{"rendered":"https:\/\/cipad.fr\/?page_id=2026"},"modified":"2025-09-15T22:20:03","modified_gmt":"2025-09-15T20:20:03","slug":"telechargement-resultats","status":"publish","type":"page","link":"https:\/\/cipad.fr\/index.php\/telechargement-resultats\/","title":{"rendered":"T\u00e9l\u00e9charger vos r\u00e9sultats en ligne"},"content":{"rendered":"\t\t<div data-elementor-type=\"wp-page\" data-elementor-id=\"2026\" class=\"elementor elementor-2026\" data-elementor-post-type=\"page\">\n\t\t\t\t\t\t<section class=\"elementor-section elementor-top-section elementor-element elementor-element-b10ab25 elementor-section-boxed elementor-section-height-default elementor-section-height-default\" data-id=\"b10ab25\" data-element_type=\"section\">\n\t\t\t\t\t\t<div class=\"elementor-container elementor-column-gap-default\">\n\t\t\t\t\t<div class=\"elementor-column elementor-col-100 elementor-top-column elementor-element elementor-element-5405843\" data-id=\"5405843\" data-element_type=\"column\">\n\t\t\t<div class=\"elementor-widget-wrap elementor-element-populated\">\n\t\t\t\t\t\t<div class=\"elementor-element elementor-element-8fe4ecf elementor-widget elementor-widget-spacer\" data-id=\"8fe4ecf\" data-element_type=\"widget\" data-widget_type=\"spacer.default\">\n\t\t\t\t<div class=\"elementor-widget-container\">\n\t\t\t\t\t\t\t<div class=\"elementor-spacer\">\n\t\t\t<div class=\"elementor-spacer-inner\"><\/div>\n\t\t<\/div>\n\t\t\t\t\t\t<\/div>\n\t\t\t\t<\/div>\n\t\t\t\t<div class=\"elementor-element elementor-element-1e08334 elementor-widget elementor-widget-heading\" data-id=\"1e08334\" data-element_type=\"widget\" data-widget_type=\"heading.default\">\n\t\t\t\t<div class=\"elementor-widget-container\">\n\t\t\t\t\t<h2 class=\"elementor-heading-title elementor-size-default\">T\u00e9l\u00e9charger mes r\u00e9sultats<\/h2>\t\t\t\t<\/div>\n\t\t\t\t<\/div>\n\t\t\t\t<div class=\"elementor-element elementor-element-1267b5a elementor-widget elementor-widget-heading\" data-id=\"1267b5a\" data-element_type=\"widget\" data-widget_type=\"heading.default\">\n\t\t\t\t<div class=\"elementor-widget-container\">\n\t\t\t\t\t<h2 class=\"elementor-heading-title elementor-size-default\">T\u00e9l\u00e9chargez vos r\u00e9sultats en ligne<\/h2>\t\t\t\t<\/div>\n\t\t\t\t<\/div>\n\t\t\t\t<div class=\"elementor-element elementor-element-86713ff elementor-widget elementor-widget-text-editor\" data-id=\"86713ff\" data-element_type=\"widget\" data-widget_type=\"text-editor.default\">\n\t\t\t\t<div class=\"elementor-widget-container\">\n\t\t\t\t\t\t\t\t\t<p>R\u00e9cup\u00e9rez vos examens r\u00e9alis\u00e9s au CIPAD en ligne.<\/p>\t\t\t\t\t\t\t\t<\/div>\n\t\t\t\t<\/div>\n\t\t\t\t\t<\/div>\n\t\t<\/div>\n\t\t\t\t\t<\/div>\n\t\t<\/section>\n\t\t\t\t<section class=\"elementor-section elementor-top-section elementor-element elementor-element-3efcd87 elementor-section-boxed elementor-section-height-default elementor-section-height-default\" data-id=\"3efcd87\" data-element_type=\"section\">\n\t\t\t\t\t\t<div class=\"elementor-container elementor-column-gap-default\">\n\t\t\t\t\t<div class=\"elementor-column elementor-col-100 elementor-top-column elementor-element elementor-element-8b1cf5d\" data-id=\"8b1cf5d\" data-element_type=\"column\">\n\t\t\t<div class=\"elementor-widget-wrap elementor-element-populated\">\n\t\t\t\t\t\t<div class=\"elementor-element elementor-element-253d106 elementor-widget elementor-widget-spacer\" data-id=\"253d106\" data-element_type=\"widget\" data-widget_type=\"spacer.default\">\n\t\t\t\t<div class=\"elementor-widget-container\">\n\t\t\t\t\t\t\t<div class=\"elementor-spacer\">\n\t\t\t<div class=\"elementor-spacer-inner\"><\/div>\n\t\t<\/div>\n\t\t\t\t\t\t<\/div>\n\t\t\t\t<\/div>\n\t\t\t\t<div class=\"elementor-element elementor-element-a9f6a49 elementor-grid-1 elementor-grid-tablet-2 elementor-grid-mobile-1 elementor-widget elementor-widget-loop-grid\" data-id=\"a9f6a49\" data-element_type=\"widget\" data-settings=\"{&quot;template_id&quot;:2041,&quot;columns&quot;:1,&quot;_skin&quot;:&quot;post&quot;,&quot;columns_tablet&quot;:&quot;2&quot;,&quot;columns_mobile&quot;:&quot;1&quot;,&quot;edit_handle_selector&quot;:&quot;[data-elementor-type=\\&quot;loop-item\\&quot;]&quot;,&quot;row_gap&quot;:{&quot;unit&quot;:&quot;px&quot;,&quot;size&quot;:&quot;&quot;,&quot;sizes&quot;:[]},&quot;row_gap_tablet&quot;:{&quot;unit&quot;:&quot;px&quot;,&quot;size&quot;:&quot;&quot;,&quot;sizes&quot;:[]},&quot;row_gap_mobile&quot;:{&quot;unit&quot;:&quot;px&quot;,&quot;size&quot;:&quot;&quot;,&quot;sizes&quot;:[]}}\" data-widget_type=\"loop-grid.post\">\n\t\t\t\t<div class=\"elementor-widget-container\">\n\t\t\t\t\t\t\t<div class=\"elementor-loop-container elementor-grid\" role=\"list\">\n\t\t<style id=\"loop-2041\">.elementor-2041 .elementor-element.elementor-element-17d41c6 > .elementor-element-populated{border-style:solid;border-width:1px 1px 1px 1px;border-color:var( --e-global-color-8c58ff8 );margin:20px 50px 20px 50px;--e-column-margin-right:50px;--e-column-margin-left:50px;padding:10px 10px 31px 10px;}.elementor-2041 .elementor-element.elementor-element-17d41c6 > .elementor-element-populated, .elementor-2041 .elementor-element.elementor-element-17d41c6 > .elementor-element-populated > .elementor-background-overlay, .elementor-2041 .elementor-element.elementor-element-17d41c6 > .elementor-background-slideshow{border-radius:40px 40px 40px 40px;}.elementor-widget-image .widget-image-caption{color:var( --e-global-color-text );font-family:var( --e-global-typography-text-font-family ), Sans-serif;font-size:var( --e-global-typography-text-font-size );font-weight:var( --e-global-typography-text-font-weight );}.elementor-2041 .elementor-element.elementor-element-45e525e > .elementor-widget-container{margin:-40px 0px 0px 0px;padding:0px 35px 0px 35px;}.elementor-widget-text-editor{font-family:var( --e-global-typography-text-font-family ), Sans-serif;font-size:var( --e-global-typography-text-font-size );font-weight:var( --e-global-typography-text-font-weight );color:var( --e-global-color-text );}.elementor-widget-text-editor.elementor-drop-cap-view-stacked .elementor-drop-cap{background-color:var( --e-global-color-primary );}.elementor-widget-text-editor.elementor-drop-cap-view-framed .elementor-drop-cap, .elementor-widget-text-editor.elementor-drop-cap-view-default .elementor-drop-cap{color:var( --e-global-color-primary );border-color:var( --e-global-color-primary );}.elementor-widget-button .elementor-button{background-color:var( --e-global-color-accent );font-family:var( --e-global-typography-accent-font-family ), Sans-serif;font-size:var( --e-global-typography-accent-font-size );font-weight:var( --e-global-typography-accent-font-weight );}.elementor-2041 .elementor-element.elementor-element-2505cf5 .elementor-button{background-color:var( --e-global-color-accent );font-family:\"Montserrat\", Sans-serif;font-size:14px;font-weight:600;border-radius:30px 30px 30px 30px;}.elementor-2041 .elementor-element.elementor-element-2505cf5 .elementor-button:hover, .elementor-2041 .elementor-element.elementor-element-2505cf5 .elementor-button:focus{background-color:var( --e-global-color-text );color:#FFFFFF;}.elementor-2041 .elementor-element.elementor-element-2505cf5 .elementor-button:hover svg, .elementor-2041 .elementor-element.elementor-element-2505cf5 .elementor-button:focus svg{fill:#FFFFFF;}@media(min-width:768px){.elementor-2041 .elementor-element.elementor-element-17d41c6{width:100%;}}@media(max-width:1024px){.elementor-widget-image .widget-image-caption{font-size:var( --e-global-typography-text-font-size );}.elementor-widget-text-editor{font-size:var( --e-global-typography-text-font-size );}.elementor-widget-button .elementor-button{font-size:var( --e-global-typography-accent-font-size );}}@media(max-width:767px){.elementor-widget-image .widget-image-caption{font-size:var( --e-global-typography-text-font-size );}.elementor-widget-text-editor{font-size:var( --e-global-typography-text-font-size );}.elementor-widget-button .elementor-button{font-size:var( --e-global-typography-accent-font-size );}}<\/style>\t\t<div data-elementor-type=\"loop-item\" data-elementor-id=\"2041\" class=\"elementor elementor-2041 e-loop-item e-loop-item-3905 post-3905 post type-post status-publish format-standard has-post-thumbnail hentry category-informations-a-retenir\" data-elementor-post-type=\"elementor_library\" data-custom-edit-handle=\"1\">\n\t\t\t\t\t<section class=\"elementor-section elementor-top-section elementor-element elementor-element-2c8daca elementor-section-boxed elementor-section-height-default elementor-section-height-default\" data-id=\"2c8daca\" data-element_type=\"section\">\n\t\t\t\t\t\t<div class=\"elementor-container elementor-column-gap-default\">\n\t\t\t\t\t<div class=\"elementor-column elementor-col-100 elementor-top-column elementor-element elementor-element-17d41c6\" data-id=\"17d41c6\" data-element_type=\"column\">\n\t\t\t<div class=\"elementor-widget-wrap elementor-element-populated\">\n\t\t\t\t\t\t<div class=\"elementor-element elementor-element-45e525e elementor-widget elementor-widget-image\" data-id=\"45e525e\" data-element_type=\"widget\" data-widget_type=\"image.default\">\n\t\t\t\t<div class=\"elementor-widget-container\">\n\t\t\t\t\t\t\t\t\t\t\t\t\t\t\t<img decoding=\"async\" width=\"225\" height=\"166\" src=\"https:\/\/cipad.fr\/wp-content\/uploads\/2023\/04\/examens-cipad-2.png\" class=\"attachment-medium size-medium wp-image-2052\" alt=\"\" \/>\t\t\t\t\t\t\t\t\t\t\t\t\t\t\t<\/div>\n\t\t\t\t<\/div>\n\t\t\t\t<div class=\"elementor-element elementor-element-5f687b1 elementor-widget elementor-widget-text-editor\" data-id=\"5f687b1\" data-element_type=\"widget\" data-widget_type=\"text-editor.default\">\n\t\t\t\t<div class=\"elementor-widget-container\">\n\t\t\t\t\t\t\t\t\t<p style=\"text-align: center;\">Pour t\u00e9l\u00e9charger vos r\u00e9sultats, <br \/><span style=\"color: #42cde7;\"><strong>cliquez sur le lien ci-dessous : <\/strong><\/span><\/p>\t\t\t\t\t\t\t\t<\/div>\n\t\t\t\t<\/div>\n\t\t\t\t<div class=\"elementor-element elementor-element-2505cf5 elementor-align-center elementor-widget elementor-widget-button\" data-id=\"2505cf5\" data-element_type=\"widget\" data-widget_type=\"button.default\">\n\t\t\t\t<div class=\"elementor-widget-container\">\n\t\t\t\t\t\t\t\t\t<div class=\"elementor-button-wrapper\">\n\t\t\t\t\t<a class=\"elementor-button elementor-button-link elementor-size-sm\" href=\"https:\/\/cipad.mon-portail-patient.net\" target=\"_blank\">\n\t\t\t\t\t\t<span class=\"elementor-button-content-wrapper\">\n\t\t\t\t\t\t\t\t\t<span class=\"elementor-button-text\">Consulter mes r\u00e9sultats<\/span>\n\t\t\t\t\t<\/span>\n\t\t\t\t\t<\/a>\n\t\t\t\t<\/div>\n\t\t\t\t\t\t\t\t<\/div>\n\t\t\t\t<\/div>\n\t\t\t\t\t<\/div>\n\t\t<\/div>\n\t\t\t\t\t<\/div>\n\t\t<\/section>\n\t\t\t\t<\/div>\n\t\t\t\t<\/div>\n\t\t\n\t\t\t\t\t\t<\/div>\n\t\t\t\t<\/div>\n\t\t\t\t<div class=\"elementor-element elementor-element-4d66e40 elementor-widget elementor-widget-spacer\" data-id=\"4d66e40\" data-element_type=\"widget\" data-widget_type=\"spacer.default\">\n\t\t\t\t<div class=\"elementor-widget-container\">\n\t\t\t\t\t\t\t<div class=\"elementor-spacer\">\n\t\t\t<div class=\"elementor-spacer-inner\"><\/div>\n\t\t<\/div>\n\t\t\t\t\t\t<\/div>\n\t\t\t\t<\/div>\n\t\t\t\t\t<\/div>\n\t\t<\/div>\n\t\t\t\t\t<\/div>\n\t\t<\/section>\n\t\t\t\t<section class=\"elementor-section elementor-top-section elementor-element elementor-element-f8912da elementor-section-boxed elementor-section-height-default elementor-section-height-default\" data-id=\"f8912da\" data-element_type=\"section\">\n\t\t\t\t\t\t<div class=\"elementor-container elementor-column-gap-default\">\n\t\t\t\t\t<div class=\"elementor-column elementor-col-100 elementor-top-column elementor-element elementor-element-43f1823\" data-id=\"43f1823\" data-element_type=\"column\">\n\t\t\t<div class=\"elementor-widget-wrap elementor-element-populated\">\n\t\t\t\t\t\t<div class=\"elementor-element elementor-element-7f0682e elementor-widget elementor-widget-heading\" data-id=\"7f0682e\" data-element_type=\"widget\" data-widget_type=\"heading.default\">\n\t\t\t\t<div class=\"elementor-widget-container\">\n\t\t\t\t\t<h4 class=\"elementor-heading-title elementor-size-default\">Vous rencontrez des difficult\u00e9s lors de la r\u00e9cup\u00e9ration de vos examens ? <\/h4>\t\t\t\t<\/div>\n\t\t\t\t<\/div>\n\t\t\t\t<div class=\"elementor-element elementor-element-56b52e7 elementor-widget elementor-widget-text-editor\" data-id=\"56b52e7\" data-element_type=\"widget\" data-widget_type=\"text-editor.default\">\n\t\t\t\t<div class=\"elementor-widget-container\">\n\t\t\t\t\t\t\t\t\t<p>Assurez-vous que vous \u00eates sur le bon lien en v\u00e9rifiant votre date de r\u00e9alisation d&rsquo;examen.\n<br>\nSi le probl\u00e8me persiste, <span style=\"text-decoration: underline;\"><a href=\"https:\/\/cipad.fr\/index.php\/nous-contacter\/\">contactez-nous<\/a>.<\/span><\/p>\t\t\t\t\t\t\t\t<\/div>\n\t\t\t\t<\/div>\n\t\t\t\t<div class=\"elementor-element elementor-element-8d61f07 elementor-widget elementor-widget-spacer\" data-id=\"8d61f07\" data-element_type=\"widget\" data-widget_type=\"spacer.default\">\n\t\t\t\t<div class=\"elementor-widget-container\">\n\t\t\t\t\t\t\t<div class=\"elementor-spacer\">\n\t\t\t<div class=\"elementor-spacer-inner\"><\/div>\n\t\t<\/div>\n\t\t\t\t\t\t<\/div>\n\t\t\t\t<\/div>\n\t\t\t\t\t<\/div>\n\t\t<\/div>\n\t\t\t\t\t<\/div>\n\t\t<\/section>\n\t\t\t\t<\/div>\n\t\t","protected":false},"excerpt":{"rendered":"<p>T\u00e9l\u00e9charger mes r\u00e9sultats T\u00e9l\u00e9chargez vos r\u00e9sultats en ligne R\u00e9cup\u00e9rez vos examens r\u00e9alis\u00e9s au CIPAD en ligne. Vous rencontrez des difficult\u00e9s lors de la r\u00e9cup\u00e9ration de vos examens ? Assurez-vous que vous \u00eates sur le bon lien en v\u00e9rifiant votre date de r\u00e9alisation d&rsquo;examen. Si le probl\u00e8me persiste, contactez-nous.<\/p>\n","protected":false},"author":1,"featured_media":0,"parent":0,"menu_order":0,"comment_status":"closed","ping_status":"closed","template":"","meta":{"site-sidebar-layout":"no-sidebar","site-content-layout":"page-builder","ast-site-content-layout":"default","site-content-style":"default","site-sidebar-style":"default","ast-global-header-display":"","ast-banner-title-visibility":"","ast-main-header-display":"","ast-hfb-above-header-display":"","ast-hfb-below-header-display":"","ast-hfb-mobile-header-display":"","site-post-title":"disabled","ast-breadcrumbs-content":"","ast-featured-img":"disabled","footer-sml-layout":"","theme-transparent-header-meta":"","adv-header-id-meta":"","stick-header-meta":"","header-above-stick-meta":"","header-main-stick-meta":"","header-below-stick-meta":"","astra-migrate-meta-layouts":"default","ast-page-background-enabled":"default","ast-page-background-meta":{"desktop":{"background-color":"var(--ast-global-color-4)","background-image":"","background-repeat":"repeat","background-position":"center center","background-size":"auto","background-attachment":"scroll","background-type":"","background-media":"","overlay-type":"","overlay-color":"","overlay-opacity":"","overlay-gradient":""},"tablet":{"background-color":"","background-image":"","background-repeat":"repeat","background-position":"center center","background-size":"auto","background-attachment":"scroll","background-type":"","background-media":"","overlay-type":"","overlay-color":"","overlay-opacity":"","overlay-gradient":""},"mobile":{"background-color":"","background-image":"","background-repeat":"repeat","background-position":"center center","background-size":"auto","background-attachment":"scroll","background-type":"","background-media":"","overlay-type":"","overlay-color":"","overlay-opacity":"","overlay-gradient":""}},"ast-content-background-meta":{"desktop":{"background-color":"var(--ast-global-color-5)","background-image":"","background-repeat":"repeat","background-position":"center center","background-size":"auto","background-attachment":"scroll","background-type":"","background-media":"","overlay-type":"","overlay-color":"","overlay-opacity":"","overlay-gradient":""},"tablet":{"background-color":"var(--ast-global-color-5)","background-image":"","background-repeat":"repeat","background-position":"center center","background-size":"auto","background-attachment":"scroll","background-type":"","background-media":"","overlay-type":"","overlay-color":"","overlay-opacity":"","overlay-gradient":""},"mobile":{"background-color":"var(--ast-global-color-5)","background-image":"","background-repeat":"repeat","background-position":"center center","background-size":"auto","background-attachment":"scroll","background-type":"","background-media":"","overlay-type":"","overlay-color":"","overlay-opacity":"","overlay-gradient":""}},"footnotes":""},"class_list":["post-2026","page","type-page","status-publish","hentry"],"yoast_head":"<!-- This site is optimized with the Yoast SEO plugin v26.3 - https:\/\/yoast.com\/wordpress\/plugins\/seo\/ -->\n<title>T\u00e9l\u00e9charger vos r\u00e9sultats en ligne - CIPAD<\/title>\n<meta name=\"robots\" content=\"index, follow, max-snippet:-1, max-image-preview:large, max-video-preview:-1\" \/>\n<link rel=\"canonical\" href=\"https:\/\/cipad.fr\/index.php\/telechargement-resultats\/\" \/>\n<meta property=\"og:locale\" content=\"fr_FR\" \/>\n<meta property=\"og:type\" content=\"article\" \/>\n<meta property=\"og:title\" content=\"T\u00e9l\u00e9charger vos r\u00e9sultats en ligne - CIPAD\" \/>\n<meta property=\"og:description\" content=\"T\u00e9l\u00e9charger mes r\u00e9sultats T\u00e9l\u00e9chargez vos r\u00e9sultats en ligne R\u00e9cup\u00e9rez vos examens r\u00e9alis\u00e9s au CIPAD en ligne. Vous rencontrez des difficult\u00e9s lors de la r\u00e9cup\u00e9ration de vos examens ? Assurez-vous que vous \u00eates sur le bon lien en v\u00e9rifiant votre date de r\u00e9alisation d&rsquo;examen. Si le probl\u00e8me persiste, contactez-nous.\" \/>\n<meta property=\"og:url\" content=\"https:\/\/cipad.fr\/index.php\/telechargement-resultats\/\" \/>\n<meta property=\"og:site_name\" content=\"CIPAD\" \/>\n<meta property=\"article:modified_time\" content=\"2025-09-15T20:20:03+00:00\" \/>\n<meta name=\"twitter:card\" content=\"summary_large_image\" \/>\n<meta name=\"twitter:label1\" content=\"Dur\u00e9e de lecture estim\u00e9e\" \/>\n\t<meta name=\"twitter:data1\" content=\"1 minute\" \/>\n<script type=\"application\/ld+json\" class=\"yoast-schema-graph\">{\"@context\":\"https:\/\/schema.org\",\"@graph\":[{\"@type\":\"WebPage\",\"@id\":\"https:\/\/cipad.fr\/index.php\/telechargement-resultats\/\",\"url\":\"https:\/\/cipad.fr\/index.php\/telechargement-resultats\/\",\"name\":\"T\u00e9l\u00e9charger vos r\u00e9sultats en ligne - CIPAD\",\"isPartOf\":{\"@id\":\"https:\/\/cipad.fr\/#website\"},\"datePublished\":\"2023-04-02T13:24:09+00:00\",\"dateModified\":\"2025-09-15T20:20:03+00:00\",\"breadcrumb\":{\"@id\":\"https:\/\/cipad.fr\/index.php\/telechargement-resultats\/#breadcrumb\"},\"inLanguage\":\"fr-FR\",\"potentialAction\":[{\"@type\":\"ReadAction\",\"target\":[\"https:\/\/cipad.fr\/index.php\/telechargement-resultats\/\"]}]},{\"@type\":\"BreadcrumbList\",\"@id\":\"https:\/\/cipad.fr\/index.php\/telechargement-resultats\/#breadcrumb\",\"itemListElement\":[{\"@type\":\"ListItem\",\"position\":1,\"name\":\"Accueil\",\"item\":\"https:\/\/cipad.fr\/\"},{\"@type\":\"ListItem\",\"position\":2,\"name\":\"T\u00e9l\u00e9charger vos r\u00e9sultats en ligne\"}]},{\"@type\":\"WebSite\",\"@id\":\"https:\/\/cipad.fr\/#website\",\"url\":\"https:\/\/cipad.fr\/\",\"name\":\"CIPAD\",\"description\":\"Centre d&#039;Imagerie M\u00e9dicale Plaine de l&#039;Ain - Dombes\",\"publisher\":{\"@id\":\"https:\/\/cipad.fr\/#organization\"},\"potentialAction\":[{\"@type\":\"SearchAction\",\"target\":{\"@type\":\"EntryPoint\",\"urlTemplate\":\"https:\/\/cipad.fr\/?s={search_term_string}\"},\"query-input\":{\"@type\":\"PropertyValueSpecification\",\"valueRequired\":true,\"valueName\":\"search_term_string\"}}],\"inLanguage\":\"fr-FR\"},{\"@type\":\"Organization\",\"@id\":\"https:\/\/cipad.fr\/#organization\",\"name\":\"CIPAD\",\"url\":\"https:\/\/cipad.fr\/\",\"logo\":{\"@type\":\"ImageObject\",\"inLanguage\":\"fr-FR\",\"@id\":\"https:\/\/cipad.fr\/#\/schema\/logo\/image\/\",\"url\":\"https:\/\/cipad.fr\/wp-content\/uploads\/2022\/12\/CIPAD_logo.svg\",\"contentUrl\":\"https:\/\/cipad.fr\/wp-content\/uploads\/2022\/12\/CIPAD_logo.svg\",\"width\":264,\"height\":66,\"caption\":\"CIPAD\"},\"image\":{\"@id\":\"https:\/\/cipad.fr\/#\/schema\/logo\/image\/\"}}]}<\/script>\n<!-- \/ Yoast SEO plugin. -->","yoast_head_json":{"title":"T\u00e9l\u00e9charger vos r\u00e9sultats en ligne - CIPAD","robots":{"index":"index","follow":"follow","max-snippet":"max-snippet:-1","max-image-preview":"max-image-preview:large","max-video-preview":"max-video-preview:-1"},"canonical":"https:\/\/cipad.fr\/index.php\/telechargement-resultats\/","og_locale":"fr_FR","og_type":"article","og_title":"T\u00e9l\u00e9charger vos r\u00e9sultats en ligne - CIPAD","og_description":"T\u00e9l\u00e9charger mes r\u00e9sultats T\u00e9l\u00e9chargez vos r\u00e9sultats en ligne R\u00e9cup\u00e9rez vos examens r\u00e9alis\u00e9s au CIPAD en ligne. Vous rencontrez des difficult\u00e9s lors de la r\u00e9cup\u00e9ration de vos examens ? Assurez-vous que vous \u00eates sur le bon lien en v\u00e9rifiant votre date de r\u00e9alisation d&rsquo;examen. Si le probl\u00e8me persiste, contactez-nous.","og_url":"https:\/\/cipad.fr\/index.php\/telechargement-resultats\/","og_site_name":"CIPAD","article_modified_time":"2025-09-15T20:20:03+00:00","twitter_card":"summary_large_image","twitter_misc":{"Dur\u00e9e de lecture estim\u00e9e":"1 minute"},"schema":{"@context":"https:\/\/schema.org","@graph":[{"@type":"WebPage","@id":"https:\/\/cipad.fr\/index.php\/telechargement-resultats\/","url":"https:\/\/cipad.fr\/index.php\/telechargement-resultats\/","name":"T\u00e9l\u00e9charger vos r\u00e9sultats en ligne - CIPAD","isPartOf":{"@id":"https:\/\/cipad.fr\/#website"},"datePublished":"2023-04-02T13:24:09+00:00","dateModified":"2025-09-15T20:20:03+00:00","breadcrumb":{"@id":"https:\/\/cipad.fr\/index.php\/telechargement-resultats\/#breadcrumb"},"inLanguage":"fr-FR","potentialAction":[{"@type":"ReadAction","target":["https:\/\/cipad.fr\/index.php\/telechargement-resultats\/"]}]},{"@type":"BreadcrumbList","@id":"https:\/\/cipad.fr\/index.php\/telechargement-resultats\/#breadcrumb","itemListElement":[{"@type":"ListItem","position":1,"name":"Accueil","item":"https:\/\/cipad.fr\/"},{"@type":"ListItem","position":2,"name":"T\u00e9l\u00e9charger vos r\u00e9sultats en ligne"}]},{"@type":"WebSite","@id":"https:\/\/cipad.fr\/#website","url":"https:\/\/cipad.fr\/","name":"CIPAD","description":"Centre d&#039;Imagerie M\u00e9dicale Plaine de l&#039;Ain - Dombes","publisher":{"@id":"https:\/\/cipad.fr\/#organization"},"potentialAction":[{"@type":"SearchAction","target":{"@type":"EntryPoint","urlTemplate":"https:\/\/cipad.fr\/?s={search_term_string}"},"query-input":{"@type":"PropertyValueSpecification","valueRequired":true,"valueName":"search_term_string"}}],"inLanguage":"fr-FR"},{"@type":"Organization","@id":"https:\/\/cipad.fr\/#organization","name":"CIPAD","url":"https:\/\/cipad.fr\/","logo":{"@type":"ImageObject","inLanguage":"fr-FR","@id":"https:\/\/cipad.fr\/#\/schema\/logo\/image\/","url":"https:\/\/cipad.fr\/wp-content\/uploads\/2022\/12\/CIPAD_logo.svg","contentUrl":"https:\/\/cipad.fr\/wp-content\/uploads\/2022\/12\/CIPAD_logo.svg","width":264,"height":66,"caption":"CIPAD"},"image":{"@id":"https:\/\/cipad.fr\/#\/schema\/logo\/image\/"}}]}},"_links":{"self":[{"href":"https:\/\/cipad.fr\/index.php\/wp-json\/wp\/v2\/pages\/2026","targetHints":{"allow":["GET"]}}],"collection":[{"href":"https:\/\/cipad.fr\/index.php\/wp-json\/wp\/v2\/pages"}],"about":[{"href":"https:\/\/cipad.fr\/index.php\/wp-json\/wp\/v2\/types\/page"}],"author":[{"embeddable":true,"href":"https:\/\/cipad.fr\/index.php\/wp-json\/wp\/v2\/users\/1"}],"replies":[{"embeddable":true,"href":"https:\/\/cipad.fr\/index.php\/wp-json\/wp\/v2\/comments?post=2026"}],"version-history":[{"count":20,"href":"https:\/\/cipad.fr\/index.php\/wp-json\/wp\/v2\/pages\/2026\/revisions"}],"predecessor-version":[{"id":3620,"href":"https:\/\/cipad.fr\/index.php\/wp-json\/wp\/v2\/pages\/2026\/revisions\/3620"}],"wp:attachment":[{"href":"https:\/\/cipad.fr\/index.php\/wp-json\/wp\/v2\/media?parent=2026"}],"curies":[{"name":"wp","href":"https:\/\/api.w.org\/{rel}","templated":true}]}}