{"id":2458,"date":"2024-03-10T11:45:46","date_gmt":"2024-03-10T10:45:46","guid":{"rendered":"https:\/\/cipad.fr\/?page_id=2458"},"modified":"2025-09-16T12:36:54","modified_gmt":"2025-09-16T10:36:54","slug":"conditions-generales-de-vente","status":"publish","type":"page","link":"https:\/\/cipad.fr\/index.php\/conditions-generales-de-vente\/","title":{"rendered":"Conditions G\u00e9n\u00e9rales de Vente"},"content":{"rendered":"\n<p><strong>Version mars 2024.<\/strong><\/p>\n\n\n\n<p><em>Tout r\u00e8glement effectu\u00e9 sur le site implique l\u2019acceptation des conditions g\u00e9n\u00e9rales de vente ci-contre.<\/em><\/p>\n\n\n\n<h2 class=\"wp-block-heading\">H\u00e9bergeur et \u00e9diteur<\/h2>\n\n\n\n<p>Le site Internet https:\/\/cipad.fr est h\u00e9berg\u00e9 par : AMI ELECTRONIQUE<br>situ\u00e9 18, place du 8 mai 1945, 01500 Amb\u00e9rieu-en-Bugey<\/p>\n\n\n\n<p>Le site Internet www.cipad.fr est \u00e9dit\u00e9 par :<br>JTU DESIGN<br>situ\u00e9 18, place du 8 mai 1945, 01500 Amb\u00e9rieu<br>juliette.truchet.eu<\/p>\n\n\n\n<h2 class=\"wp-block-heading\">Donn\u00e9es personnelles<\/h2>\n\n\n\n<p>Nous accordons une grande importance \u00e0 la protection de la vie priv\u00e9e et \u00e0 la s\u00e9curit\u00e9 des donn\u00e9es personnelles de l\u2019utilisateur. Les informations collect\u00e9es, telles que le nom, le pr\u00e9nom, l&rsquo;adresse e-mail, l&rsquo;adresse postale, la ville et le pays de r\u00e9sidence, ainsi que le num\u00e9ro de t\u00e9l\u00e9phone (utilis\u00e9 uniquement pour les communications li\u00e9es au r\u00e8glement ou en cas de probl\u00e8me), sont trait\u00e9es avec la plus grande confidentialit\u00e9. Ces donn\u00e9es sont utilis\u00e9es exclusivement dans le cadre de la gestion des rendez-vous m\u00e9dicaux, du suivi des transactions financi\u00e8res, et pour assurer une communication efficace en cas de n\u00e9cessit\u00e9. Nous nous engageons \u00e0 ne pas partager, vendre ou divulguer ces informations \u00e0 des tiers sans le consentement explicite de l\u2019utilisateur, et \u00e0 mettre en place toutes les mesures n\u00e9cessaires pour garantir la s\u00e9curit\u00e9 et la confidentialit\u00e9 des donn\u00e9es personnelles conform\u00e9ment aux r\u00e9glementations en vigueur. Pour plus d&rsquo;informations sur notre politique de confidentialit\u00e9 et le traitement des donn\u00e9es personnelles, veuillez consulter <a href=\"https:\/\/cipad.fr\/index.php\/politique-de-confidentialite\/\">notre politique de confidentialit\u00e9<\/a> disponible sur notre site web.<\/p>\n\n\n\n<p>En accord avec la loi \u00ab informatique et libert\u00e9s \u00bb du 6 janvier 1978, telle que modifi\u00e9e, et le R\u00e8glement europ\u00e9en n\u00b02016\/679\/UE du 27 avril 2016 (en vigueur depuis le 25 mai 2018), vous avez le droit d&rsquo;acc\u00e9der, de rectifier, de transf\u00e9rer et de supprimer vos donn\u00e9es, ainsi que de limiter leur traitement. Pour des raisons l\u00e9gitimes, vous pouvez \u00e9galement vous opposer au traitement de vos donn\u00e9es. Pour exercer ces droits, veuillez envoyer un courriel au responsable du traitement \u00e0 l&rsquo;adresse suivante : <strong><a href=\"mailto:secretariat.cipad@hotmail.com\">secretariat.cipad@hotmail.com<\/a>.<\/strong><\/p>\n\n\n\n<h2 class=\"wp-block-heading\">Processus de r\u00e8glement<\/h2>\n\n\n\n<p><strong>1. Montant D\u00e9fini par la Facture<\/strong><\/p>\n\n\n\n<p>Le paiement concerne un montant pr\u00e9alablement d\u00e9fini dans la facture correspondant \u00e0 l\u2019examen m\u00e9dical de l\u2019utilisateur. Cette facture inclut un num\u00e9ro de dossier unique pour identifier la transaction de l\u2019utilisateur.<\/p>\n\n\n\n<p><strong>2. Processus de Paiement<\/strong><\/p>\n\n\n\n<p>Le montant indiqu\u00e9 dans la facture doit \u00eatre r\u00e9gl\u00e9 selon les modalit\u00e9s de paiement sp\u00e9cifi\u00e9es. Le r\u00e8glement peut s&rsquo;effectuer via carte bancaire en ligne par l\u2019utilisateur. Ce paiement est s\u00e9curis\u00e9 via l\u2019application Axepta appartenant \u00e0 la banque <a href=\"https:\/\/mabanque.bnpparibas\/\">BNP Paribas<\/a>. <a href=\"https:\/\/www.axeptabnpparibas.be\/fr\/support\/autre\/conditions-generales-lacceptation-des-paiements\/\">Consulter les conditions g\u00e9n\u00e9rales d\u2019utilisation Axepta<\/a>.<\/p>\n\n\n\n<p><strong>3. Confirmation de Paiement<\/strong><\/p>\n\n\n\n<p>Le r\u00e8glement, associ\u00e9 au num\u00e9ro de dossier de l\u2019utilisateur, sera trait\u00e9 apr\u00e8s la confirmation du paiement par l\u2019utilisateur. Une confirmation de paiement sera envoy\u00e9e \u00e0 l\u2019utilisateur \u00e0 l\u2019adresse saisie lors du r\u00e8glement.<\/p>\n\n\n\n<p><strong>4. Modification ou Annulation<\/strong><\/p>\n\n\n\n<p>Les modifications ou annulations ne sont possibles qu&rsquo;en accord avec les conditions d\u00e9taill\u00e9es dans la facture de l\u2019examen de l\u2019utilisateur.<\/p>\n\n\n\n<p>En cas de difficult\u00e9, l\u2019utilisateur peut prendre contact avec notre secr\u00e9tariat \u00e0 l\u2019adresse : <strong><strong><a href=\"mailto:secretariat.cipad@hotmail.com\">secretariat.cipad@hotmail.com<\/a><\/strong><\/strong> pour toute demande de modification ou d&rsquo;annulation.<\/p>\n\n\n\n<p><strong>7. Contact et Support<\/strong><\/p>\n\n\n\n<p>Pour toute question ou assistance, l\u2019utilisateur peut contacter le CIPAD \u00e0 l\u2019adresse suivante <strong><a href=\"mailto:secretariat.cipad@hotmail.com\">secretariat.cipad@hotmail.com<\/a><\/strong> ou au<strong> 04 74 38 50 11.  <\/strong><\/p>\n\n\n\n<p><strong>8. Modifications des Conditions<\/strong><\/p>\n\n\n\n<p>Nous nous r\u00e9servons le droit de modifier ces conditions de vente. Les changements seront notifi\u00e9s sur notre site web.<\/p>\n\n\n\n<h2 class=\"wp-block-heading\">Lexique<\/h2>\n\n\n\n<p><strong>Utilisateur :<\/strong> Utilisateur naviguant sur le site mentionn\u00e9, se connectant \u00e0 celui-ci.<\/p>\n\n\n\n<p><strong>Informations personnelles :<\/strong> \u00ab les informations qui permettent, sous quelque forme que ce soit, directement ou non, l\u2019identification des personnes physiques auxquelles elles s\u2019appliquent \u00bb (article 4 de la loi n\u00b0 78-17 du 6 janvier 1978).<\/p>\n\n\n\n<p><strong>Si vous rencontrez des obstacles lors de l&rsquo;exercice de vos droits, n&rsquo;h\u00e9sitez pas \u00e0 contacter notre secr\u00e9tariat en nous envoyant un e-mail \u00e0 l&rsquo;adresse suivante : <a href=\"mailto:secretariat.cipad@hotmail.com\">secretariat.cipad@hotmail.com<\/a><\/strong><\/p>\n\n\n\n<p>Ces conditions de vente sont r\u00e9gies par la loi&nbsp; II de l\u2019article L. 441-10 du Code de commerce, Tout litige sera soumis \u00e0 la juridiction du Tribunal Judiciaire de Bourg en Bresse.<\/p>\n","protected":false},"excerpt":{"rendered":"<p>Version mars 2024. Tout r\u00e8glement effectu\u00e9 sur le site implique l\u2019acceptation des conditions g\u00e9n\u00e9rales de vente ci-contre. H\u00e9bergeur et \u00e9diteur Le site Internet https:\/\/cipad.fr est h\u00e9berg\u00e9 par : AMI ELECTRONIQUEsitu\u00e9 18, place du 8 mai 1945, 01500 Amb\u00e9rieu-en-Bugey Le site Internet www.cipad.fr est \u00e9dit\u00e9 par :JTU DESIGNsitu\u00e9 18, place du 8 mai 1945, 01500 Amb\u00e9rieujuliette.truchet.eu [&hellip;]<\/p>\n","protected":false},"author":1,"featured_media":0,"parent":0,"menu_order":0,"comment_status":"closed","ping_status":"closed","template":"","meta":{"site-sidebar-layout":"default","site-content-layout":"","ast-site-content-layout":"default","site-content-style":"default","site-sidebar-style":"default","ast-global-header-display":"","ast-banner-title-visibility":"","ast-main-header-display":"","ast-hfb-above-header-display":"","ast-hfb-below-header-display":"","ast-hfb-mobile-header-display":"","site-post-title":"","ast-breadcrumbs-content":"","ast-featured-img":"","footer-sml-layout":"","theme-transparent-header-meta":"","adv-header-id-meta":"","stick-header-meta":"","header-above-stick-meta":"","header-main-stick-meta":"","header-below-stick-meta":"","astra-migrate-meta-layouts":"set","ast-page-background-enabled":"default","ast-page-background-meta":{"desktop":{"background-color":"var(--ast-global-color-4)","background-image":"","background-repeat":"repeat","background-position":"center center","background-size":"auto","background-attachment":"scroll","background-type":"","background-media":"","overlay-type":"","overlay-color":"","overlay-opacity":"","overlay-gradient":""},"tablet":{"background-color":"","background-image":"","background-repeat":"repeat","background-position":"center center","background-size":"auto","background-attachment":"scroll","background-type":"","background-media":"","overlay-type":"","overlay-color":"","overlay-opacity":"","overlay-gradient":""},"mobile":{"background-color":"","background-image":"","background-repeat":"repeat","background-position":"center center","background-size":"auto","background-attachment":"scroll","background-type":"","background-media":"","overlay-type":"","overlay-color":"","overlay-opacity":"","overlay-gradient":""}},"ast-content-background-meta":{"desktop":{"background-color":"var(--ast-global-color-5)","background-image":"","background-repeat":"repeat","background-position":"center center","background-size":"auto","background-attachment":"scroll","background-type":"","background-media":"","overlay-type":"","overlay-color":"","overlay-opacity":"","overlay-gradient":""},"tablet":{"background-color":"var(--ast-global-color-5)","background-image":"","background-repeat":"repeat","background-position":"center center","background-size":"auto","background-attachment":"scroll","background-type":"","background-media":"","overlay-type":"","overlay-color":"","overlay-opacity":"","overlay-gradient":""},"mobile":{"background-color":"var(--ast-global-color-5)","background-image":"","background-repeat":"repeat","background-position":"center center","background-size":"auto","background-attachment":"scroll","background-type":"","background-media":"","overlay-type":"","overlay-color":"","overlay-opacity":"","overlay-gradient":""}},"footnotes":""},"class_list":["post-2458","page","type-page","status-publish","hentry"],"yoast_head":"<!-- This site is optimized with the Yoast SEO plugin v26.3 - https:\/\/yoast.com\/wordpress\/plugins\/seo\/ -->\n<title>Conditions G\u00e9n\u00e9rales de Vente - CIPAD<\/title>\n<meta name=\"robots\" content=\"index, follow, max-snippet:-1, max-image-preview:large, max-video-preview:-1\" \/>\n<link rel=\"canonical\" href=\"https:\/\/cipad.fr\/index.php\/conditions-generales-de-vente\/\" \/>\n<meta property=\"og:locale\" content=\"fr_FR\" \/>\n<meta property=\"og:type\" content=\"article\" \/>\n<meta property=\"og:title\" content=\"Conditions G\u00e9n\u00e9rales de Vente - CIPAD\" \/>\n<meta property=\"og:description\" content=\"Version mars 2024. Tout r\u00e8glement effectu\u00e9 sur le site implique l\u2019acceptation des conditions g\u00e9n\u00e9rales de vente ci-contre. H\u00e9bergeur et \u00e9diteur Le site Internet https:\/\/cipad.fr est h\u00e9berg\u00e9 par : AMI ELECTRONIQUEsitu\u00e9 18, place du 8 mai 1945, 01500 Amb\u00e9rieu-en-Bugey Le site Internet www.cipad.fr est \u00e9dit\u00e9 par :JTU DESIGNsitu\u00e9 18, place du 8 mai 1945, 01500 Amb\u00e9rieujuliette.truchet.eu [&hellip;]\" \/>\n<meta property=\"og:url\" content=\"https:\/\/cipad.fr\/index.php\/conditions-generales-de-vente\/\" \/>\n<meta property=\"og:site_name\" content=\"CIPAD\" \/>\n<meta property=\"article:modified_time\" content=\"2025-09-16T10:36:54+00:00\" \/>\n<meta name=\"twitter:card\" content=\"summary_large_image\" \/>\n<meta name=\"twitter:label1\" content=\"Dur\u00e9e de lecture estim\u00e9e\" \/>\n\t<meta name=\"twitter:data1\" content=\"4 minutes\" \/>\n<script type=\"application\/ld+json\" class=\"yoast-schema-graph\">{\"@context\":\"https:\/\/schema.org\",\"@graph\":[{\"@type\":\"WebPage\",\"@id\":\"https:\/\/cipad.fr\/index.php\/conditions-generales-de-vente\/\",\"url\":\"https:\/\/cipad.fr\/index.php\/conditions-generales-de-vente\/\",\"name\":\"Conditions G\u00e9n\u00e9rales de Vente - CIPAD\",\"isPartOf\":{\"@id\":\"https:\/\/cipad.fr\/#website\"},\"datePublished\":\"2024-03-10T10:45:46+00:00\",\"dateModified\":\"2025-09-16T10:36:54+00:00\",\"breadcrumb\":{\"@id\":\"https:\/\/cipad.fr\/index.php\/conditions-generales-de-vente\/#breadcrumb\"},\"inLanguage\":\"fr-FR\",\"potentialAction\":[{\"@type\":\"ReadAction\",\"target\":[\"https:\/\/cipad.fr\/index.php\/conditions-generales-de-vente\/\"]}]},{\"@type\":\"BreadcrumbList\",\"@id\":\"https:\/\/cipad.fr\/index.php\/conditions-generales-de-vente\/#breadcrumb\",\"itemListElement\":[{\"@type\":\"ListItem\",\"position\":1,\"name\":\"Accueil\",\"item\":\"https:\/\/cipad.fr\/\"},{\"@type\":\"ListItem\",\"position\":2,\"name\":\"Conditions G\u00e9n\u00e9rales de Vente\"}]},{\"@type\":\"WebSite\",\"@id\":\"https:\/\/cipad.fr\/#website\",\"url\":\"https:\/\/cipad.fr\/\",\"name\":\"CIPAD\",\"description\":\"Centre d&#039;Imagerie M\u00e9dicale Plaine de l&#039;Ain - Dombes\",\"publisher\":{\"@id\":\"https:\/\/cipad.fr\/#organization\"},\"potentialAction\":[{\"@type\":\"SearchAction\",\"target\":{\"@type\":\"EntryPoint\",\"urlTemplate\":\"https:\/\/cipad.fr\/?s={search_term_string}\"},\"query-input\":{\"@type\":\"PropertyValueSpecification\",\"valueRequired\":true,\"valueName\":\"search_term_string\"}}],\"inLanguage\":\"fr-FR\"},{\"@type\":\"Organization\",\"@id\":\"https:\/\/cipad.fr\/#organization\",\"name\":\"CIPAD\",\"url\":\"https:\/\/cipad.fr\/\",\"logo\":{\"@type\":\"ImageObject\",\"inLanguage\":\"fr-FR\",\"@id\":\"https:\/\/cipad.fr\/#\/schema\/logo\/image\/\",\"url\":\"https:\/\/cipad.fr\/wp-content\/uploads\/2022\/12\/CIPAD_logo.svg\",\"contentUrl\":\"https:\/\/cipad.fr\/wp-content\/uploads\/2022\/12\/CIPAD_logo.svg\",\"width\":264,\"height\":66,\"caption\":\"CIPAD\"},\"image\":{\"@id\":\"https:\/\/cipad.fr\/#\/schema\/logo\/image\/\"}}]}<\/script>\n<!-- \/ Yoast SEO plugin. -->","yoast_head_json":{"title":"Conditions G\u00e9n\u00e9rales de Vente - CIPAD","robots":{"index":"index","follow":"follow","max-snippet":"max-snippet:-1","max-image-preview":"max-image-preview:large","max-video-preview":"max-video-preview:-1"},"canonical":"https:\/\/cipad.fr\/index.php\/conditions-generales-de-vente\/","og_locale":"fr_FR","og_type":"article","og_title":"Conditions G\u00e9n\u00e9rales de Vente - CIPAD","og_description":"Version mars 2024. Tout r\u00e8glement effectu\u00e9 sur le site implique l\u2019acceptation des conditions g\u00e9n\u00e9rales de vente ci-contre. H\u00e9bergeur et \u00e9diteur Le site Internet https:\/\/cipad.fr est h\u00e9berg\u00e9 par : AMI ELECTRONIQUEsitu\u00e9 18, place du 8 mai 1945, 01500 Amb\u00e9rieu-en-Bugey Le site Internet www.cipad.fr est \u00e9dit\u00e9 par :JTU DESIGNsitu\u00e9 18, place du 8 mai 1945, 01500 Amb\u00e9rieujuliette.truchet.eu [&hellip;]","og_url":"https:\/\/cipad.fr\/index.php\/conditions-generales-de-vente\/","og_site_name":"CIPAD","article_modified_time":"2025-09-16T10:36:54+00:00","twitter_card":"summary_large_image","twitter_misc":{"Dur\u00e9e de lecture estim\u00e9e":"4 minutes"},"schema":{"@context":"https:\/\/schema.org","@graph":[{"@type":"WebPage","@id":"https:\/\/cipad.fr\/index.php\/conditions-generales-de-vente\/","url":"https:\/\/cipad.fr\/index.php\/conditions-generales-de-vente\/","name":"Conditions G\u00e9n\u00e9rales de Vente - CIPAD","isPartOf":{"@id":"https:\/\/cipad.fr\/#website"},"datePublished":"2024-03-10T10:45:46+00:00","dateModified":"2025-09-16T10:36:54+00:00","breadcrumb":{"@id":"https:\/\/cipad.fr\/index.php\/conditions-generales-de-vente\/#breadcrumb"},"inLanguage":"fr-FR","potentialAction":[{"@type":"ReadAction","target":["https:\/\/cipad.fr\/index.php\/conditions-generales-de-vente\/"]}]},{"@type":"BreadcrumbList","@id":"https:\/\/cipad.fr\/index.php\/conditions-generales-de-vente\/#breadcrumb","itemListElement":[{"@type":"ListItem","position":1,"name":"Accueil","item":"https:\/\/cipad.fr\/"},{"@type":"ListItem","position":2,"name":"Conditions G\u00e9n\u00e9rales de Vente"}]},{"@type":"WebSite","@id":"https:\/\/cipad.fr\/#website","url":"https:\/\/cipad.fr\/","name":"CIPAD","description":"Centre d&#039;Imagerie M\u00e9dicale Plaine de l&#039;Ain - Dombes","publisher":{"@id":"https:\/\/cipad.fr\/#organization"},"potentialAction":[{"@type":"SearchAction","target":{"@type":"EntryPoint","urlTemplate":"https:\/\/cipad.fr\/?s={search_term_string}"},"query-input":{"@type":"PropertyValueSpecification","valueRequired":true,"valueName":"search_term_string"}}],"inLanguage":"fr-FR"},{"@type":"Organization","@id":"https:\/\/cipad.fr\/#organization","name":"CIPAD","url":"https:\/\/cipad.fr\/","logo":{"@type":"ImageObject","inLanguage":"fr-FR","@id":"https:\/\/cipad.fr\/#\/schema\/logo\/image\/","url":"https:\/\/cipad.fr\/wp-content\/uploads\/2022\/12\/CIPAD_logo.svg","contentUrl":"https:\/\/cipad.fr\/wp-content\/uploads\/2022\/12\/CIPAD_logo.svg","width":264,"height":66,"caption":"CIPAD"},"image":{"@id":"https:\/\/cipad.fr\/#\/schema\/logo\/image\/"}}]}},"_links":{"self":[{"href":"https:\/\/cipad.fr\/index.php\/wp-json\/wp\/v2\/pages\/2458","targetHints":{"allow":["GET"]}}],"collection":[{"href":"https:\/\/cipad.fr\/index.php\/wp-json\/wp\/v2\/pages"}],"about":[{"href":"https:\/\/cipad.fr\/index.php\/wp-json\/wp\/v2\/types\/page"}],"author":[{"embeddable":true,"href":"https:\/\/cipad.fr\/index.php\/wp-json\/wp\/v2\/users\/1"}],"replies":[{"embeddable":true,"href":"https:\/\/cipad.fr\/index.php\/wp-json\/wp\/v2\/comments?post=2458"}],"version-history":[{"count":2,"href":"https:\/\/cipad.fr\/index.php\/wp-json\/wp\/v2\/pages\/2458\/revisions"}],"predecessor-version":[{"id":2460,"href":"https:\/\/cipad.fr\/index.php\/wp-json\/wp\/v2\/pages\/2458\/revisions\/2460"}],"wp:attachment":[{"href":"https:\/\/cipad.fr\/index.php\/wp-json\/wp\/v2\/media?parent=2458"}],"curies":[{"name":"wp","href":"https:\/\/api.w.org\/{rel}","templated":true}]}}