{"id":3,"date":"2022-12-10T20:41:17","date_gmt":"2022-12-10T19:41:17","guid":{"rendered":"https:\/\/www.cipad.fr\/?page_id=3"},"modified":"2022-12-29T12:22:09","modified_gmt":"2022-12-29T11:22:09","slug":"politique-de-confidentialite","status":"publish","type":"page","link":"https:\/\/cipad.fr\/index.php\/politique-de-confidentialite\/","title":{"rendered":"Politique de confidentialit\u00e9"},"content":{"rendered":"\n<h1 class=\"wp-block-heading\">Mentions l\u00e9gales<\/h1>\n\n\n\n<h2 class=\"wp-block-heading\">Pr\u00e9sentation du site<\/h2>\n\n\n\n<p>En vertu de l&rsquo;article 6 de la loi n\u00b0 2004-575 du 21 juin 2004 pour la confiance dans l&rsquo;\u00e9conomie num\u00e9rique, il est pr\u00e9cis\u00e9 aux utilisateurs du site <a href=\"http:\/\/cipad.fr\/\" target=\"_blank\" rel=\"noreferrer noopener\">cipad.fr<\/a> l&rsquo;identit\u00e9 des diff\u00e9rents intervenants dans le cadre de sa r\u00e9alisation et de son suivi :<\/p>\n\n\n\n<p>Le pr\u00e9sent site est \u00e9dit\u00e9 par : CENTRE D&rsquo;IMAGERIE MEDICALE PLAINE DE L&rsquo;AIN \u2013 DOMBES, Soci\u00e9t\u00e9 civile de moyens ayant pour num\u00e9ro de SIRET 32963345700026 et qui est domicili\u00e9e au RUE ALEXANDRE BERARD 01500 AMBERIEU-EN-BUGEY<br><br>Webmaster du site: JTU DESIGN &#8211; juliette.truchet.eu<br><br>H\u00e9bergeur du site: AMI ELECTRONIQUE, qui est domicili\u00e9 18 PLACE DU 8 MAI 1945 01500 AMBERIEU EN BUGEY<\/p>\n\n\n\n<h2 class=\"wp-block-heading\">Propri\u00e9t\u00e9 intellectuelle et contrefa\u00e7ons<\/h2>\n\n\n\n<p>Les iconographies et images sont issues du site web thenounproject &amp; Pexels.<\/p>\n\n\n\n<p>Toute exploitation non autoris\u00e9e du site ou d&rsquo;un quelconque \u00e9l\u00e9ment qu&rsquo;il contient sera consid\u00e9r\u00e9e comme constitutive d&rsquo;une contrefa\u00e7on et poursuivie conform\u00e9ment aux dispositions des articles L.335-2 et suivants du Code de Propri\u00e9t\u00e9 Intellectuelle.<\/p>\n\n\n\n<h2 class=\"wp-block-heading\">Cookies et traceurs<\/h2>\n\n\n\n<p>Le site internet <a href=\"http:\/\/cipad.fr\/\" target=\"_blank\" rel=\"noreferrer noopener\">cipad.fr<\/a> poss\u00e8de un syst\u00e8me de mesure d&rsquo;audience, ainsi qu&rsquo;une fonction de partage sur les r\u00e9seaux sociaux.<\/p>\n\n\n\n<p>En application de la directive europ\u00e9enne dite \u00ab&nbsp;paquet t\u00e9l\u00e9com&nbsp;\u00bb, les internautes doivent \u00eatre inform\u00e9s et donner leur consentement&nbsp;pr\u00e9alablement \u00e0 l&rsquo;insertion de traceurs (plus couramment appel\u00e9s \u00ab&nbsp;cookies&nbsp;\u00bb). Les internautes doivent disposer d&rsquo;une possibilit\u00e9 de choisir de ne pas \u00eatre trac\u00e9s lorsqu&rsquo;ils visitent un site ou utilisent une application. Les \u00e9diteurs de sites internet ont donc l&rsquo;obligation de solliciter au pr\u00e9alable le consentement des utilisateurs.<\/p>\n\n\n\n<p>Le refus d&rsquo;installation d&rsquo;un cookie peut entra\u00eener l&rsquo;impossibilit\u00e9 d&rsquo;acc\u00e9der \u00e0 certains services. L&rsquo;internaute peut toutefois configurer son navigateur internet pour refuser l&rsquo;installation des cookies.<\/p>\n\n\n\n<h3 class=\"wp-block-heading\">Mesure d&rsquo;audience<\/h3>\n\n\n\n<p>Les cookies de mesure d&rsquo;audience sont de petits fichiers qui permettent de conna\u00eetre et d&rsquo;analyser les statistiques de trafic sur le site internet : les pages visit\u00e9es, le nombre de visites, le taux de rebond, la provenance des visites,&#8230; Les cookies de mesure d&rsquo;audience sont totalement anonymes.<\/p>\n\n\n\n<p>Sur ce site, c&rsquo;est la solution Google Analytics qui est utilis\u00e9e pour mesurer l&rsquo;audience.<\/p>\n\n\n\n<h3 class=\"wp-block-heading\">R\u00e9seaux sociaux<\/h3>\n\n\n\n<p>Les cookies li\u00e9s aux r\u00e9seaux sociaux sont associ\u00e9s aux boutons qui facilitent le partage des pages et articles sur les r\u00e9seaux sociaux.<\/p>\n\n\n\n<h2 class=\"wp-block-heading\">Formulaire de contact et commentaires<\/h2>\n\n\n\n<p>Vous pouvez \u00eatre amen\u00e9 \u00e0 nous indiquer votre adresse e-mail lorsque vous remplissez notre formulaire de contact ou d\u00e9posez un commentaire sur l&rsquo;un des articles du site site <a href=\"http:\/\/cipad.fr\/\" target=\"_blank\" rel=\"noreferrer noopener\">cipad.fr<\/a>.<\/p>\n\n\n\n<p>En aucun cas, votre adresse e-mail ne sera c\u00e9d\u00e9e \u00e0 des tiers.<\/p>\n\n\n\n<h2 class=\"wp-block-heading\">Mod\u00e9ration des commentaires<\/h2>\n\n\n\n<p>Le choix de validation d&rsquo;un commentaire sur le site <a href=\"http:\/\/cipad.fr\/\" target=\"_blank\" rel=\"noreferrer noopener\">cipad.fr<\/a> est laiss\u00e9 \u00e0 l&rsquo;enti\u00e8re appr\u00e9ciation du responsable de publication. Les commentaires peuvent \u00eatre supprim\u00e9s, modifi\u00e9s et corrig\u00e9s pour une meilleure compr\u00e9hension des visiteurs (notamment pour l&rsquo;orthographe).<\/p>\n\n\n\n<p>L&rsquo;internaute peut signer son commentaire de son nom ou pseudo ou nom de son entreprise. Il peut \u00e9galement renseign\u00e9 une URL dans le champ \u00ab&nbsp;site web&nbsp;\u00bb. Ce lien peut ne pas appara\u00eetre si il a \u00e9t\u00e9 jug\u00e9 que le commentaire n&rsquo;apportait pas r\u00e9ellement de plus value \u00e0 l&rsquo;article. Ceci, m\u00eame si le commentaire est publi\u00e9.<\/p>\n\n\n\n<p>Voici des exemples de cas ou un commentaire peut-\u00eatre mod\u00e9r\u00e9 ou supprim\u00e9 :<\/p>\n\n\n\n<ul class=\"wp-block-list\">\n<li>Il a \u00e9t\u00e9 supprim\u00e9 par l&rsquo;anti-spam<\/li>\n\n\n\n<li>Il n&rsquo;apporte pas r\u00e9ellement de plus value et n&rsquo;est pas utile pour les internautes<\/li>\n\n\n\n<li>Il est truff\u00e9 de fautes d&rsquo;orthographe ou incompr\u00e9hensible<\/li>\n\n\n\n<li>Il semble \u00eatre d\u00e9pos\u00e9 uniquement dans un but auto-promotionnel<\/li>\n\n\n\n<li>Le mail indiqu\u00e9 est visiblement faux<\/li>\n\n\n\n<li>Il est jug\u00e9 diffamatoire pour un tiers<\/li>\n\n\n\n<li><\/li>\n<\/ul>\n\n\n\n<h2 class=\"wp-block-heading\">Liens hypertextes<\/h2>\n\n\n\n<p>Ce site internet contient un certain nombre de liens hypertextes vers d&rsquo;autres sites. Cependant, <a href=\"http:\/\/cipad.fr\/\" target=\"_blank\" rel=\"noreferrer noopener\">cipad.fr<\/a> n&rsquo;a pas la possibilit\u00e9 de suivre et v\u00e9rifier le contenu de ces sites, et n&rsquo;assumera en cons\u00e9quence aucune responsabilit\u00e9 de ce fait.<\/p>\n\n\n\n<h2 class=\"wp-block-heading\">Flux RSS<\/h2>\n\n\n\n<p>Les flux RSS sont exclusivement destin\u00e9s aux visiteurs du site pour une utilisation personnelle et ne sauraient en aucun cas servir \u00e0 alimenter d&rsquo;autres sites, sauf autorisation \u00e9crite pr\u00e9alable de <a href=\"http:\/\/cipad.fr\/\" target=\"_blank\" rel=\"noreferrer noopener\">cipad.fr<\/a>.<\/p>\n","protected":false},"excerpt":{"rendered":"<p>Mentions l\u00e9gales Pr\u00e9sentation du site En vertu de l&rsquo;article 6 de la loi n\u00b0 2004-575 du 21 juin 2004 pour la confiance dans l&rsquo;\u00e9conomie num\u00e9rique, il est pr\u00e9cis\u00e9 aux utilisateurs du site cipad.fr l&rsquo;identit\u00e9 des diff\u00e9rents intervenants dans le cadre de sa r\u00e9alisation et de son suivi : Le pr\u00e9sent site est \u00e9dit\u00e9 par : [&hellip;]<\/p>\n","protected":false},"author":1,"featured_media":0,"parent":0,"menu_order":0,"comment_status":"closed","ping_status":"open","template":"","meta":{"site-sidebar-layout":"default","site-content-layout":"","ast-site-content-layout":"default","site-content-style":"default","site-sidebar-style":"default","ast-global-header-display":"","ast-banner-title-visibility":"","ast-main-header-display":"","ast-hfb-above-header-display":"","ast-hfb-below-header-display":"","ast-hfb-mobile-header-display":"","site-post-title":"disabled","ast-breadcrumbs-content":"","ast-featured-img":"","footer-sml-layout":"","theme-transparent-header-meta":"","adv-header-id-meta":"","stick-header-meta":"","header-above-stick-meta":"","header-main-stick-meta":"","header-below-stick-meta":"","astra-migrate-meta-layouts":"default","ast-page-background-enabled":"default","ast-page-background-meta":{"desktop":{"background-color":"var(--ast-global-color-4)","background-image":"","background-repeat":"repeat","background-position":"center center","background-size":"auto","background-attachment":"scroll","background-type":"","background-media":"","overlay-type":"","overlay-color":"","overlay-opacity":"","overlay-gradient":""},"tablet":{"background-color":"","background-image":"","background-repeat":"repeat","background-position":"center center","background-size":"auto","background-attachment":"scroll","background-type":"","background-media":"","overlay-type":"","overlay-color":"","overlay-opacity":"","overlay-gradient":""},"mobile":{"background-color":"","background-image":"","background-repeat":"repeat","background-position":"center center","background-size":"auto","background-attachment":"scroll","background-type":"","background-media":"","overlay-type":"","overlay-color":"","overlay-opacity":"","overlay-gradient":""}},"ast-content-background-meta":{"desktop":{"background-color":"var(--ast-global-color-5)","background-image":"","background-repeat":"repeat","background-position":"center center","background-size":"auto","background-attachment":"scroll","background-type":"","background-media":"","overlay-type":"","overlay-color":"","overlay-opacity":"","overlay-gradient":""},"tablet":{"background-color":"var(--ast-global-color-5)","background-image":"","background-repeat":"repeat","background-position":"center center","background-size":"auto","background-attachment":"scroll","background-type":"","background-media":"","overlay-type":"","overlay-color":"","overlay-opacity":"","overlay-gradient":""},"mobile":{"background-color":"var(--ast-global-color-5)","background-image":"","background-repeat":"repeat","background-position":"center center","background-size":"auto","background-attachment":"scroll","background-type":"","background-media":"","overlay-type":"","overlay-color":"","overlay-opacity":"","overlay-gradient":""}},"footnotes":""},"class_list":["post-3","page","type-page","status-publish","hentry"],"yoast_head":"<!-- This site is optimized with the Yoast SEO plugin v26.3 - https:\/\/yoast.com\/wordpress\/plugins\/seo\/ -->\n<title>Politique de confidentialit\u00e9 - CIPAD<\/title>\n<meta name=\"robots\" content=\"index, follow, max-snippet:-1, max-image-preview:large, max-video-preview:-1\" \/>\n<link rel=\"canonical\" href=\"https:\/\/cipad.fr\/index.php\/politique-de-confidentialite\/\" \/>\n<meta property=\"og:locale\" content=\"fr_FR\" \/>\n<meta property=\"og:type\" content=\"article\" \/>\n<meta property=\"og:title\" content=\"Politique de confidentialit\u00e9 - CIPAD\" \/>\n<meta property=\"og:description\" content=\"Mentions l\u00e9gales Pr\u00e9sentation du site En vertu de l&rsquo;article 6 de la loi n\u00b0 2004-575 du 21 juin 2004 pour la confiance dans l&rsquo;\u00e9conomie num\u00e9rique, il est pr\u00e9cis\u00e9 aux utilisateurs du site cipad.fr l&rsquo;identit\u00e9 des diff\u00e9rents intervenants dans le cadre de sa r\u00e9alisation et de son suivi : Le pr\u00e9sent site est \u00e9dit\u00e9 par : [&hellip;]\" \/>\n<meta property=\"og:url\" content=\"https:\/\/cipad.fr\/index.php\/politique-de-confidentialite\/\" \/>\n<meta property=\"og:site_name\" content=\"CIPAD\" \/>\n<meta property=\"article:modified_time\" content=\"2022-12-29T11:22:09+00:00\" \/>\n<meta name=\"twitter:card\" content=\"summary_large_image\" \/>\n<meta name=\"twitter:label1\" content=\"Dur\u00e9e de lecture estim\u00e9e\" \/>\n\t<meta name=\"twitter:data1\" content=\"4 minutes\" \/>\n<script type=\"application\/ld+json\" class=\"yoast-schema-graph\">{\"@context\":\"https:\/\/schema.org\",\"@graph\":[{\"@type\":\"WebPage\",\"@id\":\"https:\/\/cipad.fr\/index.php\/politique-de-confidentialite\/\",\"url\":\"https:\/\/cipad.fr\/index.php\/politique-de-confidentialite\/\",\"name\":\"Politique de confidentialit\u00e9 - CIPAD\",\"isPartOf\":{\"@id\":\"https:\/\/cipad.fr\/#website\"},\"datePublished\":\"2022-12-10T19:41:17+00:00\",\"dateModified\":\"2022-12-29T11:22:09+00:00\",\"breadcrumb\":{\"@id\":\"https:\/\/cipad.fr\/index.php\/politique-de-confidentialite\/#breadcrumb\"},\"inLanguage\":\"fr-FR\",\"potentialAction\":[{\"@type\":\"ReadAction\",\"target\":[\"https:\/\/cipad.fr\/index.php\/politique-de-confidentialite\/\"]}]},{\"@type\":\"BreadcrumbList\",\"@id\":\"https:\/\/cipad.fr\/index.php\/politique-de-confidentialite\/#breadcrumb\",\"itemListElement\":[{\"@type\":\"ListItem\",\"position\":1,\"name\":\"Accueil\",\"item\":\"https:\/\/cipad.fr\/\"},{\"@type\":\"ListItem\",\"position\":2,\"name\":\"Politique de confidentialit\u00e9\"}]},{\"@type\":\"WebSite\",\"@id\":\"https:\/\/cipad.fr\/#website\",\"url\":\"https:\/\/cipad.fr\/\",\"name\":\"CIPAD\",\"description\":\"Centre d&#039;Imagerie M\u00e9dicale Plaine de l&#039;Ain - Dombes\",\"publisher\":{\"@id\":\"https:\/\/cipad.fr\/#organization\"},\"potentialAction\":[{\"@type\":\"SearchAction\",\"target\":{\"@type\":\"EntryPoint\",\"urlTemplate\":\"https:\/\/cipad.fr\/?s={search_term_string}\"},\"query-input\":{\"@type\":\"PropertyValueSpecification\",\"valueRequired\":true,\"valueName\":\"search_term_string\"}}],\"inLanguage\":\"fr-FR\"},{\"@type\":\"Organization\",\"@id\":\"https:\/\/cipad.fr\/#organization\",\"name\":\"CIPAD\",\"url\":\"https:\/\/cipad.fr\/\",\"logo\":{\"@type\":\"ImageObject\",\"inLanguage\":\"fr-FR\",\"@id\":\"https:\/\/cipad.fr\/#\/schema\/logo\/image\/\",\"url\":\"https:\/\/cipad.fr\/wp-content\/uploads\/2022\/12\/CIPAD_logo.svg\",\"contentUrl\":\"https:\/\/cipad.fr\/wp-content\/uploads\/2022\/12\/CIPAD_logo.svg\",\"width\":264,\"height\":66,\"caption\":\"CIPAD\"},\"image\":{\"@id\":\"https:\/\/cipad.fr\/#\/schema\/logo\/image\/\"}}]}<\/script>\n<!-- \/ Yoast SEO plugin. -->","yoast_head_json":{"title":"Politique de confidentialit\u00e9 - CIPAD","robots":{"index":"index","follow":"follow","max-snippet":"max-snippet:-1","max-image-preview":"max-image-preview:large","max-video-preview":"max-video-preview:-1"},"canonical":"https:\/\/cipad.fr\/index.php\/politique-de-confidentialite\/","og_locale":"fr_FR","og_type":"article","og_title":"Politique de confidentialit\u00e9 - CIPAD","og_description":"Mentions l\u00e9gales Pr\u00e9sentation du site En vertu de l&rsquo;article 6 de la loi n\u00b0 2004-575 du 21 juin 2004 pour la confiance dans l&rsquo;\u00e9conomie num\u00e9rique, il est pr\u00e9cis\u00e9 aux utilisateurs du site cipad.fr l&rsquo;identit\u00e9 des diff\u00e9rents intervenants dans le cadre de sa r\u00e9alisation et de son suivi : Le pr\u00e9sent site est \u00e9dit\u00e9 par : [&hellip;]","og_url":"https:\/\/cipad.fr\/index.php\/politique-de-confidentialite\/","og_site_name":"CIPAD","article_modified_time":"2022-12-29T11:22:09+00:00","twitter_card":"summary_large_image","twitter_misc":{"Dur\u00e9e de lecture estim\u00e9e":"4 minutes"},"schema":{"@context":"https:\/\/schema.org","@graph":[{"@type":"WebPage","@id":"https:\/\/cipad.fr\/index.php\/politique-de-confidentialite\/","url":"https:\/\/cipad.fr\/index.php\/politique-de-confidentialite\/","name":"Politique de confidentialit\u00e9 - CIPAD","isPartOf":{"@id":"https:\/\/cipad.fr\/#website"},"datePublished":"2022-12-10T19:41:17+00:00","dateModified":"2022-12-29T11:22:09+00:00","breadcrumb":{"@id":"https:\/\/cipad.fr\/index.php\/politique-de-confidentialite\/#breadcrumb"},"inLanguage":"fr-FR","potentialAction":[{"@type":"ReadAction","target":["https:\/\/cipad.fr\/index.php\/politique-de-confidentialite\/"]}]},{"@type":"BreadcrumbList","@id":"https:\/\/cipad.fr\/index.php\/politique-de-confidentialite\/#breadcrumb","itemListElement":[{"@type":"ListItem","position":1,"name":"Accueil","item":"https:\/\/cipad.fr\/"},{"@type":"ListItem","position":2,"name":"Politique de confidentialit\u00e9"}]},{"@type":"WebSite","@id":"https:\/\/cipad.fr\/#website","url":"https:\/\/cipad.fr\/","name":"CIPAD","description":"Centre d&#039;Imagerie M\u00e9dicale Plaine de l&#039;Ain - Dombes","publisher":{"@id":"https:\/\/cipad.fr\/#organization"},"potentialAction":[{"@type":"SearchAction","target":{"@type":"EntryPoint","urlTemplate":"https:\/\/cipad.fr\/?s={search_term_string}"},"query-input":{"@type":"PropertyValueSpecification","valueRequired":true,"valueName":"search_term_string"}}],"inLanguage":"fr-FR"},{"@type":"Organization","@id":"https:\/\/cipad.fr\/#organization","name":"CIPAD","url":"https:\/\/cipad.fr\/","logo":{"@type":"ImageObject","inLanguage":"fr-FR","@id":"https:\/\/cipad.fr\/#\/schema\/logo\/image\/","url":"https:\/\/cipad.fr\/wp-content\/uploads\/2022\/12\/CIPAD_logo.svg","contentUrl":"https:\/\/cipad.fr\/wp-content\/uploads\/2022\/12\/CIPAD_logo.svg","width":264,"height":66,"caption":"CIPAD"},"image":{"@id":"https:\/\/cipad.fr\/#\/schema\/logo\/image\/"}}]}},"_links":{"self":[{"href":"https:\/\/cipad.fr\/index.php\/wp-json\/wp\/v2\/pages\/3","targetHints":{"allow":["GET"]}}],"collection":[{"href":"https:\/\/cipad.fr\/index.php\/wp-json\/wp\/v2\/pages"}],"about":[{"href":"https:\/\/cipad.fr\/index.php\/wp-json\/wp\/v2\/types\/page"}],"author":[{"embeddable":true,"href":"https:\/\/cipad.fr\/index.php\/wp-json\/wp\/v2\/users\/1"}],"replies":[{"embeddable":true,"href":"https:\/\/cipad.fr\/index.php\/wp-json\/wp\/v2\/comments?post=3"}],"version-history":[{"count":3,"href":"https:\/\/cipad.fr\/index.php\/wp-json\/wp\/v2\/pages\/3\/revisions"}],"predecessor-version":[{"id":1449,"href":"https:\/\/cipad.fr\/index.php\/wp-json\/wp\/v2\/pages\/3\/revisions\/1449"}],"wp:attachment":[{"href":"https:\/\/cipad.fr\/index.php\/wp-json\/wp\/v2\/media?parent=3"}],"curies":[{"name":"wp","href":"https:\/\/api.w.org\/{rel}","templated":true}]}}