{"id":3735,"date":"2025-09-18T15:03:02","date_gmt":"2025-09-18T13:03:02","guid":{"rendered":"https:\/\/cipad.fr\/?page_id=3735"},"modified":"2025-09-28T18:42:49","modified_gmt":"2025-09-28T16:42:49","slug":"acces-medecins","status":"publish","type":"page","link":"https:\/\/cipad.fr\/index.php\/acces-medecins\/","title":{"rendered":"Acc\u00e8s m\u00e9decins"},"content":{"rendered":"\t\t<div data-elementor-type=\"wp-page\" data-elementor-id=\"3735\" class=\"elementor elementor-3735\" data-elementor-post-type=\"page\">\n\t\t\t\t\t\t<section class=\"elementor-section elementor-top-section elementor-element elementor-element-1a1d7f1 elementor-section-boxed elementor-section-height-default elementor-section-height-default\" data-id=\"1a1d7f1\" data-element_type=\"section\">\n\t\t\t\t\t\t<div class=\"elementor-container elementor-column-gap-default\">\n\t\t\t\t\t<div class=\"elementor-column elementor-col-100 elementor-top-column elementor-element elementor-element-987b736\" data-id=\"987b736\" data-element_type=\"column\">\n\t\t\t<div class=\"elementor-widget-wrap elementor-element-populated\">\n\t\t\t\t\t\t<div class=\"elementor-element elementor-element-71c0f54 elementor-widget elementor-widget-spacer\" data-id=\"71c0f54\" data-element_type=\"widget\" data-widget_type=\"spacer.default\">\n\t\t\t\t<div class=\"elementor-widget-container\">\n\t\t\t\t\t\t\t<div class=\"elementor-spacer\">\n\t\t\t<div class=\"elementor-spacer-inner\"><\/div>\n\t\t<\/div>\n\t\t\t\t\t\t<\/div>\n\t\t\t\t<\/div>\n\t\t\t\t\t<\/div>\n\t\t<\/div>\n\t\t\t\t\t<\/div>\n\t\t<\/section>\n\t\t\t\t<section class=\"elementor-section elementor-top-section elementor-element elementor-element-b9874f8 elementor-section-boxed elementor-section-height-default elementor-section-height-default\" data-id=\"b9874f8\" data-element_type=\"section\">\n\t\t\t\t\t\t<div class=\"elementor-container elementor-column-gap-default\">\n\t\t\t\t\t<div class=\"elementor-column elementor-col-100 elementor-top-column elementor-element elementor-element-fb44916\" data-id=\"fb44916\" data-element_type=\"column\">\n\t\t\t<div class=\"elementor-widget-wrap elementor-element-populated\">\n\t\t\t\t\t\t<div class=\"elementor-element elementor-element-548f63b elementor-widget elementor-widget-heading\" data-id=\"548f63b\" data-element_type=\"widget\" data-widget_type=\"heading.default\">\n\t\t\t\t<div class=\"elementor-widget-container\">\n\t\t\t\t\t<h2 class=\"elementor-heading-title elementor-size-default\">Acc\u00e8s m\u00e9decins <\/h2>\t\t\t\t<\/div>\n\t\t\t\t<\/div>\n\t\t\t\t\t<\/div>\n\t\t<\/div>\n\t\t\t\t\t<\/div>\n\t\t<\/section>\n\t\t\t\t<section class=\"elementor-section elementor-top-section elementor-element elementor-element-1dff54c elementor-section-boxed elementor-section-height-default elementor-section-height-default\" data-id=\"1dff54c\" data-element_type=\"section\">\n\t\t\t\t\t\t<div class=\"elementor-container elementor-column-gap-default\">\n\t\t\t\t\t<div class=\"elementor-column elementor-col-100 elementor-top-column elementor-element elementor-element-3838179\" data-id=\"3838179\" data-element_type=\"column\">\n\t\t\t<div class=\"elementor-widget-wrap elementor-element-populated\">\n\t\t\t\t\t\t<div class=\"elementor-element elementor-element-39f292e elementor-widget elementor-widget-spacer\" data-id=\"39f292e\" data-element_type=\"widget\" data-widget_type=\"spacer.default\">\n\t\t\t\t<div class=\"elementor-widget-container\">\n\t\t\t\t\t\t\t<div class=\"elementor-spacer\">\n\t\t\t<div class=\"elementor-spacer-inner\"><\/div>\n\t\t<\/div>\n\t\t\t\t\t\t<\/div>\n\t\t\t\t<\/div>\n\t\t\t\t\t<\/div>\n\t\t<\/div>\n\t\t\t\t\t<\/div>\n\t\t<\/section>\n\t\t\t\t<section class=\"elementor-section elementor-top-section elementor-element elementor-element-500c84a elementor-section-boxed elementor-section-height-default elementor-section-height-default\" data-id=\"500c84a\" data-element_type=\"section\">\n\t\t\t\t\t\t<div class=\"elementor-container elementor-column-gap-default\">\n\t\t\t\t\t<div class=\"elementor-column elementor-col-100 elementor-top-column elementor-element elementor-element-1a327e5\" data-id=\"1a327e5\" data-element_type=\"column\">\n\t\t\t<div class=\"elementor-widget-wrap elementor-element-populated\">\n\t\t\t\t\t\t<div class=\"elementor-element elementor-element-91fbac1 elementor-widget elementor-widget-heading\" data-id=\"91fbac1\" data-element_type=\"widget\" data-widget_type=\"heading.default\">\n\t\t\t\t<div class=\"elementor-widget-container\">\n\t\t\t\t\t<h2 class=\"elementor-heading-title elementor-size-default\">Bienvenue sur l\u2019espace d\u2019acc\u00e8s des prescripteurs<\/h2>\t\t\t\t<\/div>\n\t\t\t\t<\/div>\n\t\t\t\t\t<\/div>\n\t\t<\/div>\n\t\t\t\t\t<\/div>\n\t\t<\/section>\n\t\t\t\t<section class=\"elementor-section elementor-top-section elementor-element elementor-element-4a1c40e elementor-section-boxed elementor-section-height-default elementor-section-height-default\" data-id=\"4a1c40e\" data-element_type=\"section\">\n\t\t\t\t\t\t<div class=\"elementor-container elementor-column-gap-default\">\n\t\t\t\t\t<div class=\"elementor-column elementor-col-50 elementor-top-column elementor-element elementor-element-fc4dd13\" data-id=\"fc4dd13\" data-element_type=\"column\">\n\t\t\t<div class=\"elementor-widget-wrap elementor-element-populated\">\n\t\t\t\t\t\t<div class=\"elementor-element elementor-element-c29e44f elementor-widget__width-initial elementor-widget elementor-widget-text-editor\" data-id=\"c29e44f\" data-element_type=\"widget\" data-widget_type=\"text-editor.default\">\n\t\t\t\t<div class=\"elementor-widget-container\">\n\t\t\t\t\t\t\t\t\t<p data-start=\"162\" data-end=\"547\">Pour vous connecter \u00e0 notre plateforme, vous aurez besoin de votre <strong data-start=\"229\" data-end=\"251\">carte CPS ou e-CPS<\/strong>.<\/p><p data-start=\"162\" data-end=\"547\">Si vous rencontrez des difficult\u00e9s pour cr\u00e9er ou utiliser votre carte e-CPS, nous vous invitons \u00e0 consulter la vid\u00e9o explicative, ci-dessous, fourni par l\u2019Assurance Maladie<span style=\"font-family: Montserrat; font-size: 17.333334px; font-style: inherit;\">.\u00a0<\/span><\/p><p style=\"font-weight: 400;\">Ci-dessous, vous trouverez \u00e9galement un mode d\u2019emploi de notre outil de diffusion des r\u00e9sultats aux professionnels de sant\u00e9.<\/p>\t\t\t\t\t\t\t\t<\/div>\n\t\t\t\t<\/div>\n\t\t\t\t\t<\/div>\n\t\t<\/div>\n\t\t\t\t<div class=\"elementor-column elementor-col-50 elementor-top-column elementor-element elementor-element-65a48ae\" data-id=\"65a48ae\" data-element_type=\"column\">\n\t\t\t<div class=\"elementor-widget-wrap elementor-element-populated\">\n\t\t\t\t\t\t<div class=\"elementor-element elementor-element-6d95593 elementor-align-center elementor-widget elementor-widget-button\" data-id=\"6d95593\" data-element_type=\"widget\" data-widget_type=\"button.default\">\n\t\t\t\t<div class=\"elementor-widget-container\">\n\t\t\t\t\t\t\t\t\t<div class=\"elementor-button-wrapper\">\n\t\t\t\t\t<a class=\"elementor-button elementor-button-link elementor-size-sm\" href=\"https:\/\/espaceps.swmapps.fr\/c0657000\">\n\t\t\t\t\t\t<span class=\"elementor-button-content-wrapper\">\n\t\t\t\t\t\t\t\t\t<span class=\"elementor-button-text\">Acc\u00e9der \u00e0 votre espace<\/span>\n\t\t\t\t\t<\/span>\n\t\t\t\t\t<\/a>\n\t\t\t\t<\/div>\n\t\t\t\t\t\t\t\t<\/div>\n\t\t\t\t<\/div>\n\t\t\t\t\t<\/div>\n\t\t<\/div>\n\t\t\t\t\t<\/div>\n\t\t<\/section>\n\t\t\t\t<section class=\"elementor-section elementor-top-section elementor-element elementor-element-346f1f4 elementor-section-boxed elementor-section-height-default elementor-section-height-default\" data-id=\"346f1f4\" data-element_type=\"section\">\n\t\t\t\t\t\t<div class=\"elementor-container elementor-column-gap-default\">\n\t\t\t\t\t<div class=\"elementor-column elementor-col-100 elementor-top-column elementor-element elementor-element-83eb019\" data-id=\"83eb019\" data-element_type=\"column\">\n\t\t\t<div class=\"elementor-widget-wrap elementor-element-populated\">\n\t\t\t\t\t\t<div class=\"elementor-element elementor-element-ad59a6f elementor-widget elementor-widget-spacer\" data-id=\"ad59a6f\" data-element_type=\"widget\" data-widget_type=\"spacer.default\">\n\t\t\t\t<div class=\"elementor-widget-container\">\n\t\t\t\t\t\t\t<div class=\"elementor-spacer\">\n\t\t\t<div class=\"elementor-spacer-inner\"><\/div>\n\t\t<\/div>\n\t\t\t\t\t\t<\/div>\n\t\t\t\t<\/div>\n\t\t\t\t\t<\/div>\n\t\t<\/div>\n\t\t\t\t\t<\/div>\n\t\t<\/section>\n\t\t\t\t<section class=\"elementor-section elementor-top-section elementor-element elementor-element-c01c75b elementor-section-boxed elementor-section-height-default elementor-section-height-default\" data-id=\"c01c75b\" data-element_type=\"section\">\n\t\t\t\t\t\t<div class=\"elementor-container elementor-column-gap-default\">\n\t\t\t\t\t<div class=\"elementor-column elementor-col-50 elementor-top-column elementor-element elementor-element-2eae178\" data-id=\"2eae178\" data-element_type=\"column\">\n\t\t\t<div class=\"elementor-widget-wrap elementor-element-populated\">\n\t\t\t\t\t\t<div class=\"elementor-element elementor-element-0fc8cdb elementor-align-center elementor-widget elementor-widget-button\" data-id=\"0fc8cdb\" data-element_type=\"widget\" data-widget_type=\"button.default\">\n\t\t\t\t<div class=\"elementor-widget-container\">\n\t\t\t\t\t\t\t\t\t<div class=\"elementor-button-wrapper\">\n\t\t\t\t\t<a class=\"elementor-button elementor-button-link elementor-size-sm\" href=\"https:\/\/cipad.fr\/wp-content\/uploads\/2025\/09\/Mode-demploi-diffusion-PS.pdf\" id=\"Lire le mode l\u2019emploi\">\n\t\t\t\t\t\t<span class=\"elementor-button-content-wrapper\">\n\t\t\t\t\t\t\t\t\t<span class=\"elementor-button-text\">Lire le mode l\u2019emploi<\/span>\n\t\t\t\t\t<\/span>\n\t\t\t\t\t<\/a>\n\t\t\t\t<\/div>\n\t\t\t\t\t\t\t\t<\/div>\n\t\t\t\t<\/div>\n\t\t\t\t\t<\/div>\n\t\t<\/div>\n\t\t\t\t<div class=\"elementor-column elementor-col-50 elementor-top-column elementor-element elementor-element-ac02e3f\" data-id=\"ac02e3f\" data-element_type=\"column\">\n\t\t\t<div class=\"elementor-widget-wrap elementor-element-populated\">\n\t\t\t\t\t\t<div class=\"elementor-element elementor-element-1d1b0e2 elementor-widget elementor-widget-video\" data-id=\"1d1b0e2\" data-element_type=\"widget\" data-settings=\"{&quot;youtube_url&quot;:&quot;https:\\\/\\\/www.youtube.com\\\/watch?v=LdCD9dCDWzM&quot;,&quot;video_type&quot;:&quot;youtube&quot;,&quot;controls&quot;:&quot;yes&quot;}\" data-widget_type=\"video.default\">\n\t\t\t\t<div class=\"elementor-widget-container\">\n\t\t\t\t\t\t\t<div class=\"elementor-wrapper elementor-open-inline\">\n\t\t\t<div class=\"elementor-video\"><\/div>\t\t<\/div>\n\t\t\t\t\t\t<\/div>\n\t\t\t\t<\/div>\n\t\t\t\t\t<\/div>\n\t\t<\/div>\n\t\t\t\t\t<\/div>\n\t\t<\/section>\n\t\t\t\t<section class=\"elementor-section elementor-top-section elementor-element elementor-element-1c600df elementor-section-boxed elementor-section-height-default elementor-section-height-default\" data-id=\"1c600df\" data-element_type=\"section\">\n\t\t\t\t\t\t<div class=\"elementor-container elementor-column-gap-default\">\n\t\t\t\t\t<div class=\"elementor-column elementor-col-100 elementor-top-column elementor-element elementor-element-6ef15f9\" data-id=\"6ef15f9\" data-element_type=\"column\">\n\t\t\t<div class=\"elementor-widget-wrap elementor-element-populated\">\n\t\t\t\t\t\t<div class=\"elementor-element elementor-element-86f9cfd elementor-widget elementor-widget-spacer\" data-id=\"86f9cfd\" data-element_type=\"widget\" data-widget_type=\"spacer.default\">\n\t\t\t\t<div class=\"elementor-widget-container\">\n\t\t\t\t\t\t\t<div class=\"elementor-spacer\">\n\t\t\t<div class=\"elementor-spacer-inner\"><\/div>\n\t\t<\/div>\n\t\t\t\t\t\t<\/div>\n\t\t\t\t<\/div>\n\t\t\t\t\t<\/div>\n\t\t<\/div>\n\t\t\t\t\t<\/div>\n\t\t<\/section>\n\t\t\t\t<\/div>\n\t\t","protected":false},"excerpt":{"rendered":"<p>Acc\u00e8s m\u00e9decins Bienvenue sur l\u2019espace d\u2019acc\u00e8s des prescripteurs Pour vous connecter \u00e0 notre plateforme, vous aurez besoin de votre carte CPS ou e-CPS. Si vous rencontrez des difficult\u00e9s pour cr\u00e9er ou utiliser votre carte e-CPS, nous vous invitons \u00e0 consulter la vid\u00e9o explicative, ci-dessous, fourni par l\u2019Assurance Maladie.\u00a0 Ci-dessous, vous trouverez \u00e9galement un mode d\u2019emploi [&hellip;]<\/p>\n","protected":false},"author":3,"featured_media":0,"parent":0,"menu_order":0,"comment_status":"closed","ping_status":"closed","template":"","meta":{"site-sidebar-layout":"no-sidebar","site-content-layout":"page-builder","ast-site-content-layout":"full-width-container","site-content-style":"default","site-sidebar-style":"default","ast-global-header-display":"","ast-banner-title-visibility":"","ast-main-header-display":"","ast-hfb-above-header-display":"","ast-hfb-below-header-display":"","ast-hfb-mobile-header-display":"","site-post-title":"disabled","ast-breadcrumbs-content":"","ast-featured-img":"disabled","footer-sml-layout":"","theme-transparent-header-meta":"","adv-header-id-meta":"","stick-header-meta":"","header-above-stick-meta":"","header-main-stick-meta":"","header-below-stick-meta":"","astra-migrate-meta-layouts":"set","ast-page-background-enabled":"default","ast-page-background-meta":{"desktop":{"background-color":"var(--ast-global-color-4)","background-image":"","background-repeat":"repeat","background-position":"center center","background-size":"auto","background-attachment":"scroll","background-type":"","background-media":"","overlay-type":"","overlay-color":"","overlay-opacity":"","overlay-gradient":""},"tablet":{"background-color":"","background-image":"","background-repeat":"repeat","background-position":"center center","background-size":"auto","background-attachment":"scroll","background-type":"","background-media":"","overlay-type":"","overlay-color":"","overlay-opacity":"","overlay-gradient":""},"mobile":{"background-color":"","background-image":"","background-repeat":"repeat","background-position":"center center","background-size":"auto","background-attachment":"scroll","background-type":"","background-media":"","overlay-type":"","overlay-color":"","overlay-opacity":"","overlay-gradient":""}},"ast-content-background-meta":{"desktop":{"background-color":"var(--ast-global-color-5)","background-image":"","background-repeat":"repeat","background-position":"center center","background-size":"auto","background-attachment":"scroll","background-type":"","background-media":"","overlay-type":"","overlay-color":"","overlay-opacity":"","overlay-gradient":""},"tablet":{"background-color":"var(--ast-global-color-5)","background-image":"","background-repeat":"repeat","background-position":"center center","background-size":"auto","background-attachment":"scroll","background-type":"","background-media":"","overlay-type":"","overlay-color":"","overlay-opacity":"","overlay-gradient":""},"mobile":{"background-color":"var(--ast-global-color-5)","background-image":"","background-repeat":"repeat","background-position":"center center","background-size":"auto","background-attachment":"scroll","background-type":"","background-media":"","overlay-type":"","overlay-color":"","overlay-opacity":"","overlay-gradient":""}},"footnotes":""},"class_list":["post-3735","page","type-page","status-publish","hentry"],"yoast_head":"<!-- This site is optimized with the Yoast SEO plugin v26.3 - https:\/\/yoast.com\/wordpress\/plugins\/seo\/ -->\n<title>Acc\u00e8s m\u00e9decins - CIPAD<\/title>\n<meta name=\"robots\" content=\"index, follow, max-snippet:-1, max-image-preview:large, max-video-preview:-1\" \/>\n<link rel=\"canonical\" href=\"https:\/\/cipad.fr\/index.php\/acces-medecins\/\" \/>\n<meta property=\"og:locale\" content=\"fr_FR\" \/>\n<meta property=\"og:type\" content=\"article\" \/>\n<meta property=\"og:title\" content=\"Acc\u00e8s m\u00e9decins - CIPAD\" \/>\n<meta property=\"og:description\" content=\"Acc\u00e8s m\u00e9decins Bienvenue sur l\u2019espace d\u2019acc\u00e8s des prescripteurs Pour vous connecter \u00e0 notre plateforme, vous aurez besoin de votre carte CPS ou e-CPS. Si vous rencontrez des difficult\u00e9s pour cr\u00e9er ou utiliser votre carte e-CPS, nous vous invitons \u00e0 consulter la vid\u00e9o explicative, ci-dessous, fourni par l\u2019Assurance Maladie.\u00a0 Ci-dessous, vous trouverez \u00e9galement un mode d\u2019emploi [&hellip;]\" \/>\n<meta property=\"og:url\" content=\"https:\/\/cipad.fr\/index.php\/acces-medecins\/\" \/>\n<meta property=\"og:site_name\" content=\"CIPAD\" \/>\n<meta property=\"article:modified_time\" content=\"2025-09-28T16:42:49+00:00\" \/>\n<meta name=\"twitter:card\" content=\"summary_large_image\" \/>\n<meta name=\"twitter:label1\" content=\"Dur\u00e9e de lecture estim\u00e9e\" \/>\n\t<meta name=\"twitter:data1\" content=\"1 minute\" \/>\n<script type=\"application\/ld+json\" class=\"yoast-schema-graph\">{\"@context\":\"https:\/\/schema.org\",\"@graph\":[{\"@type\":\"WebPage\",\"@id\":\"https:\/\/cipad.fr\/index.php\/acces-medecins\/\",\"url\":\"https:\/\/cipad.fr\/index.php\/acces-medecins\/\",\"name\":\"Acc\u00e8s m\u00e9decins - CIPAD\",\"isPartOf\":{\"@id\":\"https:\/\/cipad.fr\/#website\"},\"datePublished\":\"2025-09-18T13:03:02+00:00\",\"dateModified\":\"2025-09-28T16:42:49+00:00\",\"breadcrumb\":{\"@id\":\"https:\/\/cipad.fr\/index.php\/acces-medecins\/#breadcrumb\"},\"inLanguage\":\"fr-FR\",\"potentialAction\":[{\"@type\":\"ReadAction\",\"target\":[\"https:\/\/cipad.fr\/index.php\/acces-medecins\/\"]}]},{\"@type\":\"BreadcrumbList\",\"@id\":\"https:\/\/cipad.fr\/index.php\/acces-medecins\/#breadcrumb\",\"itemListElement\":[{\"@type\":\"ListItem\",\"position\":1,\"name\":\"Accueil\",\"item\":\"https:\/\/cipad.fr\/\"},{\"@type\":\"ListItem\",\"position\":2,\"name\":\"Acc\u00e8s m\u00e9decins\"}]},{\"@type\":\"WebSite\",\"@id\":\"https:\/\/cipad.fr\/#website\",\"url\":\"https:\/\/cipad.fr\/\",\"name\":\"CIPAD\",\"description\":\"Centre d&#039;Imagerie M\u00e9dicale Plaine de l&#039;Ain - Dombes\",\"publisher\":{\"@id\":\"https:\/\/cipad.fr\/#organization\"},\"potentialAction\":[{\"@type\":\"SearchAction\",\"target\":{\"@type\":\"EntryPoint\",\"urlTemplate\":\"https:\/\/cipad.fr\/?s={search_term_string}\"},\"query-input\":{\"@type\":\"PropertyValueSpecification\",\"valueRequired\":true,\"valueName\":\"search_term_string\"}}],\"inLanguage\":\"fr-FR\"},{\"@type\":\"Organization\",\"@id\":\"https:\/\/cipad.fr\/#organization\",\"name\":\"CIPAD\",\"url\":\"https:\/\/cipad.fr\/\",\"logo\":{\"@type\":\"ImageObject\",\"inLanguage\":\"fr-FR\",\"@id\":\"https:\/\/cipad.fr\/#\/schema\/logo\/image\/\",\"url\":\"https:\/\/cipad.fr\/wp-content\/uploads\/2022\/12\/CIPAD_logo.svg\",\"contentUrl\":\"https:\/\/cipad.fr\/wp-content\/uploads\/2022\/12\/CIPAD_logo.svg\",\"width\":264,\"height\":66,\"caption\":\"CIPAD\"},\"image\":{\"@id\":\"https:\/\/cipad.fr\/#\/schema\/logo\/image\/\"}}]}<\/script>\n<!-- \/ Yoast SEO plugin. -->","yoast_head_json":{"title":"Acc\u00e8s m\u00e9decins - CIPAD","robots":{"index":"index","follow":"follow","max-snippet":"max-snippet:-1","max-image-preview":"max-image-preview:large","max-video-preview":"max-video-preview:-1"},"canonical":"https:\/\/cipad.fr\/index.php\/acces-medecins\/","og_locale":"fr_FR","og_type":"article","og_title":"Acc\u00e8s m\u00e9decins - CIPAD","og_description":"Acc\u00e8s m\u00e9decins Bienvenue sur l\u2019espace d\u2019acc\u00e8s des prescripteurs Pour vous connecter \u00e0 notre plateforme, vous aurez besoin de votre carte CPS ou e-CPS. Si vous rencontrez des difficult\u00e9s pour cr\u00e9er ou utiliser votre carte e-CPS, nous vous invitons \u00e0 consulter la vid\u00e9o explicative, ci-dessous, fourni par l\u2019Assurance Maladie.\u00a0 Ci-dessous, vous trouverez \u00e9galement un mode d\u2019emploi [&hellip;]","og_url":"https:\/\/cipad.fr\/index.php\/acces-medecins\/","og_site_name":"CIPAD","article_modified_time":"2025-09-28T16:42:49+00:00","twitter_card":"summary_large_image","twitter_misc":{"Dur\u00e9e de lecture estim\u00e9e":"1 minute"},"schema":{"@context":"https:\/\/schema.org","@graph":[{"@type":"WebPage","@id":"https:\/\/cipad.fr\/index.php\/acces-medecins\/","url":"https:\/\/cipad.fr\/index.php\/acces-medecins\/","name":"Acc\u00e8s m\u00e9decins - CIPAD","isPartOf":{"@id":"https:\/\/cipad.fr\/#website"},"datePublished":"2025-09-18T13:03:02+00:00","dateModified":"2025-09-28T16:42:49+00:00","breadcrumb":{"@id":"https:\/\/cipad.fr\/index.php\/acces-medecins\/#breadcrumb"},"inLanguage":"fr-FR","potentialAction":[{"@type":"ReadAction","target":["https:\/\/cipad.fr\/index.php\/acces-medecins\/"]}]},{"@type":"BreadcrumbList","@id":"https:\/\/cipad.fr\/index.php\/acces-medecins\/#breadcrumb","itemListElement":[{"@type":"ListItem","position":1,"name":"Accueil","item":"https:\/\/cipad.fr\/"},{"@type":"ListItem","position":2,"name":"Acc\u00e8s m\u00e9decins"}]},{"@type":"WebSite","@id":"https:\/\/cipad.fr\/#website","url":"https:\/\/cipad.fr\/","name":"CIPAD","description":"Centre d&#039;Imagerie M\u00e9dicale Plaine de l&#039;Ain - Dombes","publisher":{"@id":"https:\/\/cipad.fr\/#organization"},"potentialAction":[{"@type":"SearchAction","target":{"@type":"EntryPoint","urlTemplate":"https:\/\/cipad.fr\/?s={search_term_string}"},"query-input":{"@type":"PropertyValueSpecification","valueRequired":true,"valueName":"search_term_string"}}],"inLanguage":"fr-FR"},{"@type":"Organization","@id":"https:\/\/cipad.fr\/#organization","name":"CIPAD","url":"https:\/\/cipad.fr\/","logo":{"@type":"ImageObject","inLanguage":"fr-FR","@id":"https:\/\/cipad.fr\/#\/schema\/logo\/image\/","url":"https:\/\/cipad.fr\/wp-content\/uploads\/2022\/12\/CIPAD_logo.svg","contentUrl":"https:\/\/cipad.fr\/wp-content\/uploads\/2022\/12\/CIPAD_logo.svg","width":264,"height":66,"caption":"CIPAD"},"image":{"@id":"https:\/\/cipad.fr\/#\/schema\/logo\/image\/"}}]}},"_links":{"self":[{"href":"https:\/\/cipad.fr\/index.php\/wp-json\/wp\/v2\/pages\/3735","targetHints":{"allow":["GET"]}}],"collection":[{"href":"https:\/\/cipad.fr\/index.php\/wp-json\/wp\/v2\/pages"}],"about":[{"href":"https:\/\/cipad.fr\/index.php\/wp-json\/wp\/v2\/types\/page"}],"author":[{"embeddable":true,"href":"https:\/\/cipad.fr\/index.php\/wp-json\/wp\/v2\/users\/3"}],"replies":[{"embeddable":true,"href":"https:\/\/cipad.fr\/index.php\/wp-json\/wp\/v2\/comments?post=3735"}],"version-history":[{"count":37,"href":"https:\/\/cipad.fr\/index.php\/wp-json\/wp\/v2\/pages\/3735\/revisions"}],"predecessor-version":[{"id":3792,"href":"https:\/\/cipad.fr\/index.php\/wp-json\/wp\/v2\/pages\/3735\/revisions\/3792"}],"wp:attachment":[{"href":"https:\/\/cipad.fr\/index.php\/wp-json\/wp\/v2\/media?parent=3735"}],"curies":[{"name":"wp","href":"https:\/\/api.w.org\/{rel}","templated":true}]}}